{"id":6543,"date":"2025-05-26T10:05:16","date_gmt":"2025-05-26T08:05:16","guid":{"rendered":"https:\/\/kajakcrnagora.me\/?page_id=6543"},"modified":"2025-05-26T10:16:51","modified_gmt":"2025-05-26T08:16:51","slug":"camci","status":"publish","type":"page","link":"https:\/\/kajakcrnagora.me\/index.php\/camci\/","title":{"rendered":"\u010camci"},"content":{"rendered":"\t\t<div data-elementor-type=\"wp-page\" data-elementor-id=\"6543\" class=\"elementor elementor-6543\">\n\t\t\t\t<div class=\"elementor-element elementor-element-9e2f3e9 e-grid e-con-full e-con e-parent\" data-id=\"9e2f3e9\" data-element_type=\"container\" data-e-type=\"container\">\n\t\t\t\t<div class=\"elementor-element elementor-element-8018880 elementor-widget__width-inherit elementor-widget elementor-widget-image\" data-id=\"8018880\" data-element_type=\"widget\" data-e-type=\"widget\" data-widget_type=\"image.default\">\n\t\t\t\t<div class=\"elementor-widget-container\">\n\t\t\t\t\t\t\t\t\t\t\t\t\t\t\t<img fetchpriority=\"high\" decoding=\"async\" width=\"1920\" height=\"509\" src=\"https:\/\/kajakcrnagora.me\/wp-content\/uploads\/2025\/05\/camci.png\" class=\"attachment-full size-full wp-image-6549\" alt=\"\" srcset=\"https:\/\/kajakcrnagora.me\/wp-content\/uploads\/2025\/05\/camci.png 1920w, https:\/\/kajakcrnagora.me\/wp-content\/uploads\/2025\/05\/camci-300x80.png 300w, https:\/\/kajakcrnagora.me\/wp-content\/uploads\/2025\/05\/camci-1024x271.png 1024w, https:\/\/kajakcrnagora.me\/wp-content\/uploads\/2025\/05\/camci-768x204.png 768w, https:\/\/kajakcrnagora.me\/wp-content\/uploads\/2025\/05\/camci-1536x407.png 1536w\" sizes=\"(max-width: 1920px) 100vw, 1920px\" \/>\t\t\t\t\t\t\t\t\t\t\t\t\t\t\t<\/div>\n\t\t\t\t<\/div>\n\t\t\t\t<\/div>\n\t\t<div class=\"elementor-element elementor-element-bbcfbaf e-con-full e-flex e-con e-parent\" data-id=\"bbcfbaf\" data-element_type=\"container\" data-e-type=\"container\">\n\t\t\r\n\t\t<div class=\"elementor-element elementor-element-5707512 elementor-widget elementor-widget-tourmsectiontitle\" data-id=\"5707512\" data-element_type=\"widget\" data-e-type=\"widget\" data-widget_type=\"tourmsectiontitle.default\">\n\t\t\t\t<div class=\"elementor-widget-container\">\n\t\t\t\t\t\t\t<div class=\"title-area text-center \">\r\n\t\t\t<span class=\"sub-title \">O kajaku<\/span><h2 class=\"sec-title \">\u010camci<\/h2>\t\t<\/div>\r\n\r\n\t\t\t\t\t<\/div>\n\t\t\t\t<\/div>\n\t\t\t\t<\/div>\n\t\t<div class=\"elementor-element elementor-element-a666f89 e-flex e-con-boxed e-con e-parent\" data-id=\"a666f89\" data-element_type=\"container\" data-e-type=\"container\">\n\t\t\t\t\t<div class=\"e-con-inner\">\n\t\t\t\t<div class=\"elementor-element elementor-element-1ca8516 elementor-widget elementor-widget-tourmfaq\" data-id=\"1ca8516\" data-element_type=\"widget\" data-e-type=\"widget\" data-widget_type=\"tourmfaq.default\">\n\t\t\t\t<div class=\"elementor-widget-container\">\n\t\t\t\t\t<div class=\"accordion\" id=\"faqAccordion1\"><div class=\"accordion-card active style2\"><div class=\"accordion-header\" id=\"collapse-item-6a008f62743b0\"><button class=\"accordion-button \" type=\"button\" data-bs-toggle=\"collapse\" data-bs-target=\"#collapse-6a008f62743b0\" aria-expanded=\"true\" aria-controls=\"collapse-6a008f62743b0\">\u010camci za sprint<\/button><\/div><div id=\"collapse-6a008f62743b0\" class=\"accordion-collapse collapse show\" aria-labelledby=\"collapse-item-6a008f62743b0\" data-bs-parent=\"#faqAccordion1\"><div class=\"accordion-body style2\"><p class=\"faq-text\"><p>Moderni kajaci napravljeni su od karbona, kevlara ili njihove kombinacije vlakana ili platna impregniranih poliesterskim ili epoksidnim smolama. Zbog toga su veoma lagani i izuzetno \u010dvrsti.<\/p><p>Kajak je sportski \u010damac sa krmom, u kome takmi\u010dar sjedi u uskom otvoru, nogama oslonjenim na pre\u010dagu ispod gornjeg svoda-palube \u010damca. Palica za upravljanje nalazi se izmedju stopala. \u010camac se pokre\u0107e veslom koje ima lopatice sa obje strane dr\u0161ke.<\/p><p><em>Dimenzije:<\/em><br \/><strong><br \/><span style=\"color: #000000\">K-1 jednosed<\/span><\/strong>\u00a0\u2013 5.20 m du\u017eina, 12 kg masa<br \/><span style=\"color: #000000\"><strong>K-2 dvosed<\/strong><\/span>\u00a0\u2013 6.50 m\u00a0du\u017eina,\u00a018 kg\u00a0masa<br \/><strong><span style=\"color: #000000\">K-4 \u010detverac<\/span>\u00a0\u2013<\/strong>\u00a011.00 m\u00a0du\u017eina,\u00a030 kg\u00a0masa<\/p><p>Kanu je, za razliku od kajaka, \u010damac otvorenog tipa, rombi\u010dnog oblika, bez krme, u kome takmi\u010dar kle\u010di na jednom koljenu oslanjaju\u0107i se drugim stopalom o pod \u010damca. \u010camac se pokre\u0107e veslom sa jednom lopaticom otiskuju\u0107i se o vodu samo sa jedne strane \u010damca.<\/p><p><span style=\"color: #000000\"><em>Dimenzije:<\/em><\/span><br \/><strong><br \/><span style=\"color: #000000\">C-1 jednoklek<\/span><\/strong>\u00a0\u2013 5.20 m du\u017eina, 14 kg masa<br \/><span style=\"color: #000000\"><strong>C-2 dvoklek<\/strong><\/span>\u00a0\u2013 6.50 m du\u017eina, 18 kg masa<br \/><span style=\"color: #000000\"><strong>C-4 \u010detoroklek<\/strong><\/span>\u00a0\u2013 9.00 m\u00a0du\u017eina, 30 kg masa<\/p><\/p><\/div><\/div><\/div><div class=\"accordion-card  style2\"><div class=\"accordion-header\" id=\"collapse-item-6a008f6274635\"><button class=\"accordion-button collapsed\" type=\"button\" data-bs-toggle=\"collapse\" data-bs-target=\"#collapse-6a008f6274635\" aria-expanded=\"false\" aria-controls=\"collapse-6a008f6274635\">\u010camci za slalom i spust<\/button><\/div><div id=\"collapse-6a008f6274635\" class=\"accordion-collapse collapse \" aria-labelledby=\"collapse-item-6a008f6274635\" data-bs-parent=\"#faqAccordion1\"><div class=\"accordion-body style2\"><p class=\"faq-text\"><p><strong><span style=\"color: #000000\">\u010camci za slalom i spust<\/span><br \/><\/strong><\/p><p>Divljovoda\u0161ki \u010damci moraju da zadovolje nekoliko uslova: da budu lagani a istovremeno i veoma otporni na udarce. Zato se prave od najsavremenijih kompozitnih materijala.<\/p><p>\u010camci za slalom nemaju krmu, vretenastog su oblika, sa tijsnim otvorom u kome takmi\u010dari sjede-u kajaku, ili kle\u010de-u kanuu, nogu skroz podvu\u010denih pod svod-palubu \u010damca. Iz bezbjedonosnih razloga, obavezan dio opreme je \u0161pric-deka, pokriva\u010d koji se nosi oko struka i potpuno zatvara otvor na \u010damcu, kao i za\u0161titna kaciga.<\/p><p>Kajak se pokre\u0107e veslom koje ima lopatice na obje strane dr\u0161ke, a kanu kratkim veslom sa jednom lopaticom.<\/p><p><em>Dimenzije \u010damaca za slalom:<\/em><\/p><p><span style=\"color: #000000\"><strong>K-1 kajak:<\/strong><\/span>\u00a04.00 m\u00a0du\u017eina,\u00a00.6 m \u0161irina, 9 kg masa<br \/><span style=\"color: #000000\"><strong>C-1 kanu:<\/strong><\/span>\u00a04.00 m\u00a0du\u017eina,\u00a00.7 m\u00a0\u0161irina,\u00a010 kg\u00a0masa<br \/><span style=\"color: #000000\"><strong>C-2 kanu:<\/strong><\/span>\u00a04.58 m\u00a0du\u017eina,\u00a00.8 m\u00a0\u0161irina,\u00a015 kg\u00a0masa<\/p><p>\u010camci za spust se uveliko razlikuju od \u010damaca za slalom po obliku, plovnosti i upravljivosti.<\/p><\/p><\/div><\/div><\/div><div class=\"accordion-card  style2\"><div class=\"accordion-header\" id=\"collapse-item-6a008f62747b9\"><button class=\"accordion-button collapsed\" type=\"button\" data-bs-toggle=\"collapse\" data-bs-target=\"#collapse-6a008f62747b9\" aria-expanded=\"false\" aria-controls=\"collapse-6a008f62747b9\">Parakajak<\/button><\/div><div id=\"collapse-6a008f62747b9\" class=\"accordion-collapse collapse \" aria-labelledby=\"collapse-item-6a008f62747b9\" data-bs-parent=\"#faqAccordion1\"><div class=\"accordion-body style2\"><p class=\"faq-text\"><p><span style=\"color: #000000\"><b>Parakajak<\/b>\u00a0<\/span>je kajak\u00a0za sportiste sa nizom fizi\u010dkih invaliditeta.\u00a0<a title=\"\u041f\u0430\u0440\u0430\u043e\u043b\u0438\u043c\u043f\u0438\u0458\u0441\u043a\u0435 \u0438\u0433\u0440\u0435\" href=\"https:\/\/en.wikipedia.org\/wiki\/Paralympic_Games\">Paraolimpijski<\/a>\u00a0verzija sportu regulisano\u00a0<a title=\"\u041c\u0435\u0452\u0443\u043d\u0430\u0440\u043e\u0434\u043d\u0430 \u043a\u0430\u043d\u0443 \u0444\u0435\u0434\u0435\u0440\u0430\u0446\u0438\u0458\u0430\" href=\"https:\/\/en.wikipedia.org\/wiki\/International_Canoe_Federation\">Me\u0111unarodne\u00a0Kajaka\u0161kog\u00a0federacije<\/a>\u00a0(ICF),\u00a0<a title=\"\u0412\u0430'\u0430\" href=\"https:\/\/en.wikipedia.org\/wiki\/Va%27a\">\u00a0va\u2018a<\/a>\u00a0specifi\u010dnim varijante regulisano je\u00a0<a title=\"\u041c\u0435\u0452\u0443\u043d\u0430\u0440\u043e\u0434\u043d\u0430 \u0412\u0430'\u0430 \u0444\u0435\u0434\u0435\u0440\u0430\u0446\u0438\u0458\u0430 (\u0441\u0442\u0440\u0430\u043d\u0438\u0446\u0430 \u043d\u0435 \u043f\u043e\u0441\u0442\u043e\u0458\u0438)\" href=\"https:\/\/en.wikipedia.org\/w\/index.php?title=International_Va%27a_Federation&amp;action=edit&amp;redlink=1\">Me\u0111unarodne\u00a0Va\u2018a\u00a0federacije<\/a>\u00a0(IVF).\u00a0<\/p><p>Na sastanku\u00a0<a title=\"\u041c\u0435\u0452\u0443\u043d\u0430\u0440\u043e\u0434\u043d\u0438 \u043f\u0430\u0440\u0430\u043e\u043b\u0438\u043c\u043f\u0438\u0458\u0441\u043a\u0438 \u043a\u043e\u043c\u0438\u0442\u0435\u0442\" href=\"https:\/\/en.wikipedia.org\/wiki\/International_Paralympic_Committee\">Me\u0111unarodnog\u00a0paraolimpijskog\u00a0komiteta<\/a>\u00a0u\u00a0<a title=\"\u0413\u0443\u0430\u043d\u0433\u0437\u0445\u043e\u0443\" href=\"https:\/\/en.wikipedia.org\/wiki\/Guangzhou\">Guangd\u017eouu<\/a>\u00a0u Kini 2010. godine odlu\u010deno je da se paraolimpijskom programu doda parakajak.\u00a0Kao rezultat toga, parakajak je debitovao\u00a0<a title=\"\u041f\u0430\u0440\u0430\u043a\u0430\u043d\u0443 \u043d\u0430 \u041b\u0435\u0442\u045a\u0438\u043c \u043f\u0430\u0440\u0430\u043e\u043b\u0438\u043c\u043f\u0438\u0458\u0441\u043a\u0438\u043c \u0438\u0433\u0440\u0430\u043c\u0430 2016\" href=\"https:\/\/en.wikipedia.org\/wiki\/Paracanoeing_at_the_2016_Summer_Paralympics\">na Ljetnjim paraolimpijskim igrama u Riju 2016.<\/a>\u00a0<\/p><p><span style=\"color: #000000\"><strong>Paralimpijske discipline \u201eParakajak\u201d (mu\u0161karci):<\/strong><\/span><\/p><p><span style=\"color: #000000\">KL3<\/span> (kajak) 200m<\/p><p><span style=\"color: #000000\">KL2<\/span> (kajak) 200m<\/p><p><span style=\"color: #000000\">KL1<\/span> (kajak) 200m<\/p><p><span style=\"color: #000000\">VL3<\/span> (va\u2019a) 200m<\/p><p><span style=\"color: #000000\">VL2<\/span> (va\u2019a) 200m<\/p><p><span style=\"color: #000000\"><strong>Paralimpijske discipline \u201eParakajak\u201d (\u017eene):<\/strong><\/span><\/p><p><span style=\"color: #000000\">KL3<\/span> (kajak) 200m<\/p><p><span style=\"color: #000000\">KL2<\/span> (kajak) 200m<\/p><p><span style=\"color: #000000\">KL1<\/span> (kajak) 200m<\/p><p><span style=\"color: #000000\">VL3<\/span> (va\u2019a) 200m<\/p><p><span style=\"color: #000000\">VL2<\/span> (va\u2019a) 200m<\/p><p><span style=\"color: #000000\"><strong>Neparalimpijske discipline \u201eParakajak\u201d (mu\u0161karci):<\/strong><\/span><\/p><p><span style=\"color: #000000\">VL1<\/span> (va\u2019a) 200m<\/p><p><span style=\"color: #000000\"><strong>Neparalimpijske discipline \u201eParakajak\u201d (\u017eene):<\/strong><\/span><\/p><p><span style=\"color: #000000\">VL1<\/span> (va\u2019a) 200m<\/p><\/p><\/div><\/div><\/div><div class=\"accordion-card  style2\"><div class=\"accordion-header\" id=\"collapse-item-6a008f6274c6e\"><button class=\"accordion-button collapsed\" type=\"button\" data-bs-toggle=\"collapse\" data-bs-target=\"#collapse-6a008f6274c6e\" aria-expanded=\"false\" aria-controls=\"collapse-6a008f6274c6e\">Veslanje u\u00a0stajanju\u00a0(\u00a0SUP\u00a0) ili\u00a0veslanje u\u00a0stoje\u0107em<\/button><\/div><div id=\"collapse-6a008f6274c6e\" class=\"accordion-collapse collapse \" aria-labelledby=\"collapse-item-6a008f6274c6e\" data-bs-parent=\"#faqAccordion1\"><div class=\"accordion-body style2\"><p class=\"faq-text\"><p><span style=\"color: #000000\"><strong>Veslanje u\u00a0stajanju<\/strong>\u00a0(\u00a0<strong>SUP<\/strong>\u00a0) ili\u00a0<strong>veslanje u\u00a0stoje\u0107em<\/strong>\u00a0<\/span>je\u00a0<a href=\"https:\/\/de.wikipedia.org\/wiki\/Wassersport\">sport<\/a>\u00a0na\u00a0<a href=\"https:\/\/de.wikipedia.org\/wiki\/Wassersport\">vodi<\/a>\u00a0u kojem sportista\u00a0<em>stoji<\/em>\u00a0uspravno na dasci za plutanje (\u00a0<em>stand-up paddle-board<\/em>\u00a0ili\u00a0<em>stand-up\u00a0paddle board<\/em>\u00a0stoji).<\/p><p>SUP daske se generalno mogu podeliti na lesonit i daske na naduvavanje (SUP\/iSUP).<\/p><p>Postoje razli\u010diti dizajni vesla: Jednostavna vesla \u010desto imaju aluminijumsku osovinu i jednostavnu plasti\u010dnu o\u0161tricu.\u00a0Kvalitetnija vesla su napravl\u0458ena od\u00a0<a href=\"https:\/\/de.wikipedia.org\/wiki\/Glasfaser\">stakloplastike<\/a>\u00a0ili\u00a0<a href=\"https:\/\/de.wikipedia.org\/wiki\/Kohlenstofffaserverst%C3%A4rkter_Kunststoff\">plastike oja\u010dane karbonskim vlaknima<\/a>\u00a0i znatno su lak\u0161a.\u00a0Tu su i drvena vesla i vesla sa bambusovim listovima.<\/p><p>Neolimpijske discipline\u00a0<strong>\u201eSUP\u201d (mu\u0161karci i \u017eene):<\/strong><\/p><p>Sprint, Maraton, Tehni\u010dka trka, Trka na daskama na naduvavanje<\/p><p>Cil\u0458 skoro svih takmi\u010denja je pre\u0107i odre\u0111enu distancu \u0161to je br\u017ee mogu\u0107e. Kao takmi\u010darski sport, uglavnom se pravi razlika izme\u0111u sljede\u0107ih disciplina.<\/p><ul><li>Duga\u010dka razdal\u0458ina: Velike udal\u0458enosti izme\u0111u 6 i 12 km du\u017eine.<\/li><li>Sprint distanca: Kratke udal\u0458enosti od maksimalno 500 m. Do 6 u\u010desnika startuje u isto vrijeme.<\/li><li>Deonice sa tragovima skretanja. Nekoliko u\u010desnika po\u010dinje u isto vrijeme.<\/li><li>Procena manevara u talasima unutar definisanog vremenskog okvira.<\/li><\/ul><\/p><\/div><\/div><\/div><\/div>\t\t\t\t<\/div>\n\t\t\t\t<\/div>\n\t\t\t\t\t<\/div>\n\t\t\t\t<\/div>\n\t\t<div class=\"elementor-element elementor-element-6e52acd e-grid e-con-boxed e-con e-parent\" data-id=\"6e52acd\" data-element_type=\"container\" data-e-type=\"container\">\n\t\t\t\t\t<div class=\"e-con-inner\">\n\t\t<div class=\"elementor-element elementor-element-2e73047 e-con-full e-flex e-con e-child\" data-id=\"2e73047\" data-element_type=\"container\" data-e-type=\"container\" data-settings=\"{&quot;background_background&quot;:&quot;classic&quot;}\">\n\t\t<div class=\"elementor-element elementor-element-6134866 e-flex e-con-boxed e-con e-child\" data-id=\"6134866\" data-element_type=\"container\" data-e-type=\"container\">\n\t\t\t\t\t<div class=\"e-con-inner\">\n\t\t\t\t<div class=\"elementor-element elementor-element-0979568 elementor-widget elementor-widget-tourmsectiontitle\" data-id=\"0979568\" data-element_type=\"widget\" data-e-type=\"widget\" data-widget_type=\"tourmsectiontitle.default\">\n\t\t\t\t<div class=\"elementor-widget-container\">\n\t\t\t\t\t\t\t<div class=\"title-area text-center \">\r\n\t\t\t<span class=\"sub-title \">Ima jo\u0161 pitanja?<\/span><h2 class=\"sec-title \">Po\u0161alji te poruku, ubrzo \u0107emo odgovoriti.<\/h2>\t\t<\/div>\r\n\r\n\t\t\t\t\t<\/div>\n\t\t\t\t<\/div>\n\t\t\t\t<div class=\"elementor-element elementor-element-2886288 elementor-widget elementor-widget-tourmcontactform\" data-id=\"2886288\" data-element_type=\"widget\" data-e-type=\"widget\" data-widget_type=\"tourmcontactform.default\">\n\t\t\t\t<div class=\"elementor-widget-container\">\n\t\t\t\t\t\n<div class=\"wpcf7 no-js\" id=\"wpcf7-f1439-o1\" lang=\"en-US\" dir=\"ltr\" data-wpcf7-id=\"1439\">\n<div class=\"screen-reader-response\"><p role=\"status\" aria-live=\"polite\" aria-atomic=\"true\"><\/p> <ul><\/ul><\/div>\n<form action=\"\/index.php\/wp-json\/wp\/v2\/pages\/6543#wpcf7-f1439-o1\" method=\"post\" class=\"wpcf7-form init\" aria-label=\"Contact form\" novalidate=\"novalidate\" data-status=\"init\">\n<fieldset class=\"hidden-fields-container\"><input type=\"hidden\" name=\"_wpcf7\" value=\"1439\" \/><input type=\"hidden\" name=\"_wpcf7_version\" value=\"6.1.5\" \/><input type=\"hidden\" name=\"_wpcf7_locale\" value=\"en_US\" \/><input type=\"hidden\" name=\"_wpcf7_unit_tag\" value=\"wpcf7-f1439-o1\" \/><input type=\"hidden\" name=\"_wpcf7_container_post\" value=\"0\" \/><input type=\"hidden\" name=\"_wpcf7_posted_data_hash\" value=\"\" \/>\n<\/fieldset>\n<div class=\"contact-form \">\n    <h3 class=\"sec-title mb-30\">Kontaktirajte nas<\/h3>\n    <div class=\"row\">\n        <div class=\"col-md-6 form-group\">\n            <span class=\"wpcf7-form-control-wrap\" data-name=\"text-999\"><input size=\"40\" maxlength=\"400\" class=\"wpcf7-form-control wpcf7-text wpcf7-validates-as-required form-control\" id=\"text-999\" aria-required=\"true\" aria-invalid=\"false\" placeholder=\"Va\u0161e Ime\" value=\"\" type=\"text\" name=\"text-999\" \/><\/span>\n            <img decoding=\"async\" src=\"https:\/\/wordpress.themeholy.com\/tourm\/wp-content\/uploads\/2024\/07\/user.svg\" alt=\"\">\n        <\/div>\n        <div class=\"col-md-6 form-group\">\n            <span class=\"wpcf7-form-control-wrap\" data-name=\"email-717\"><input size=\"40\" maxlength=\"400\" class=\"wpcf7-form-control wpcf7-email wpcf7-validates-as-required wpcf7-text wpcf7-validates-as-email form-control\" id=\"email-717\" aria-required=\"true\" aria-invalid=\"false\" placeholder=\"Va\u0161 Email*\" value=\"\" type=\"email\" name=\"email-717\" \/><\/span>\n            <img decoding=\"async\" src=\"https:\/\/wordpress.themeholy.com\/tourm\/wp-content\/uploads\/2024\/07\/mail.svg\" alt=\"\">\n        <\/div>\n        <div class=\"form-group col-12\">\n            <span class=\"wpcf7-form-control-wrap\" data-name=\"menu-837\"><select class=\"wpcf7-form-control wpcf7-select wpcf7-validates-as-required form-select\" id=\"menu-837\" aria-required=\"true\" aria-invalid=\"false\" name=\"menu-837\"><option value=\"Informacija\">Informacija<\/option><option value=\"U\u010dlanjenje\">U\u010dlanjenje<\/option><option value=\"Takmi\u010denje\">Takmi\u010denje<\/option><option value=\"Kayak\">Kayak<\/option><option value=\"Kanuu\">Kanuu<\/option><\/select><\/span>\n        <\/div>\n        <div class=\"form-group col-12\">\n            <span class=\"wpcf7-form-control-wrap\" data-name=\"textarea-873\"><textarea cols=\"40\" rows=\"10\" maxlength=\"2000\" class=\"wpcf7-form-control wpcf7-textarea form-control\" id=\"textarea-873\" aria-invalid=\"false\" placeholder=\"Va\u0161a Poruka\" name=\"textarea-873\"><\/textarea><\/span>\n            <img decoding=\"async\" src=\"https:\/\/wordpress.themeholy.com\/tourm\/wp-content\/uploads\/2024\/07\/chat.svg\" alt=\"\">\n        <\/div>\n        <div class=\"form-btn col-12 mt-24\"><button type=\"submit\" class=\"th-btn style3 wpcf7\">Po\u0161alji poruku <img decoding=\"async\" src=\"https:\/\/wordpress.themeholy.com\/tourm\/wp-content\/uploads\/2024\/07\/plane.svg\" alt=\"\"><\/button>\n        <\/div>\n    <\/div>\n    <p class=\"form-messages mb-0 mt-3\"><\/p>\n<\/div><p style=\"display: none !important;\" class=\"akismet-fields-container\" data-prefix=\"_wpcf7_ak_\"><label>&#916;<textarea name=\"_wpcf7_ak_hp_textarea\" cols=\"45\" rows=\"8\" maxlength=\"100\"><\/textarea><\/label><input type=\"hidden\" id=\"ak_js_1\" name=\"_wpcf7_ak_js\" value=\"223\"\/><script>\ndocument.getElementById( \"ak_js_1\" ).setAttribute( \"value\", ( new Date() ).getTime() );\n<\/script>\n<\/p><div class=\"wpcf7-response-output\" aria-hidden=\"true\"><\/div>\n<\/form>\n<\/div>\n\t\t\t\t<\/div>\n\t\t\t\t<\/div>\n\t\t\t\t\t<\/div>\n\t\t\t\t<\/div>\n\t\t\t\t<\/div>\n\t\t\t\t\t<\/div>\n\t\t\t\t<\/div>\n\t\t\t\t<\/div>\n\t\t","protected":false},"excerpt":{"rendered":"<p>O kajaku \u010camci \u010camci za sprint Moderni kajaci napravljeni su od karbona, kevlara ili njihove kombinacije vlakana ili platna impregniranih poliesterskim ili epoksidnim smolama. Zbog toga su veoma lagani i izuzetno \u010dvrsti. Kajak je sportski \u010damac sa krmom, u kome takmi\u010dar sjedi u uskom otvoru, nogama oslonjenim na pre\u010dagu ispod gornjeg svoda-palube \u010damca. Palica za&#8230;<\/p>\n","protected":false},"author":1,"featured_media":0,"parent":0,"menu_order":0,"comment_status":"closed","ping_status":"closed","template":"template-builder.php","meta":{"_monsterinsights_skip_tracking":false,"_monsterinsights_sitenote_active":false,"_monsterinsights_sitenote_note":"","_monsterinsights_sitenote_category":0,"_uf_show_specific_survey":0,"_uf_disable_surveys":false,"footnotes":""},"class_list":["post-6543","page","type-page","status-publish","hentry"],"_links":{"self":[{"href":"https:\/\/kajakcrnagora.me\/index.php\/wp-json\/wp\/v2\/pages\/6543","targetHints":{"allow":["GET"]}}],"collection":[{"href":"https:\/\/kajakcrnagora.me\/index.php\/wp-json\/wp\/v2\/pages"}],"about":[{"href":"https:\/\/kajakcrnagora.me\/index.php\/wp-json\/wp\/v2\/types\/page"}],"author":[{"embeddable":true,"href":"https:\/\/kajakcrnagora.me\/index.php\/wp-json\/wp\/v2\/users\/1"}],"replies":[{"embeddable":true,"href":"https:\/\/kajakcrnagora.me\/index.php\/wp-json\/wp\/v2\/comments?post=6543"}],"version-history":[{"count":17,"href":"https:\/\/kajakcrnagora.me\/index.php\/wp-json\/wp\/v2\/pages\/6543\/revisions"}],"predecessor-version":[{"id":6564,"href":"https:\/\/kajakcrnagora.me\/index.php\/wp-json\/wp\/v2\/pages\/6543\/revisions\/6564"}],"wp:attachment":[{"href":"https:\/\/kajakcrnagora.me\/index.php\/wp-json\/wp\/v2\/media?parent=6543"}],"curies":[{"name":"wp","href":"https:\/\/api.w.org\/{rel}","templated":true}]}}