{"id":6517,"date":"2025-05-26T08:56:44","date_gmt":"2025-05-26T06:56:44","guid":{"rendered":"https:\/\/kajakcrnagora.me\/?page_id=6517"},"modified":"2025-05-26T10:01:03","modified_gmt":"2025-05-26T08:01:03","slug":"discipline","status":"publish","type":"page","link":"https:\/\/kajakcrnagora.me\/index.php\/discipline\/","title":{"rendered":"Discipline"},"content":{"rendered":"\t\t<div data-elementor-type=\"wp-page\" data-elementor-id=\"6517\" class=\"elementor elementor-6517\">\n\t\t\t\t<div class=\"elementor-element elementor-element-9e2f3e9 e-grid e-con-full e-con e-parent\" data-id=\"9e2f3e9\" data-element_type=\"container\" data-e-type=\"container\">\n\t\t\t\t<div class=\"elementor-element elementor-element-8018880 elementor-widget__width-inherit elementor-widget elementor-widget-image\" data-id=\"8018880\" data-element_type=\"widget\" data-e-type=\"widget\" data-widget_type=\"image.default\">\n\t\t\t\t<div class=\"elementor-widget-container\">\n\t\t\t\t\t\t\t\t\t\t\t\t\t\t\t<img fetchpriority=\"high\" decoding=\"async\" width=\"1801\" height=\"459\" src=\"https:\/\/kajakcrnagora.me\/wp-content\/uploads\/2025\/05\/disciplina3.png\" class=\"attachment-full size-full wp-image-6535\" alt=\"\" srcset=\"https:\/\/kajakcrnagora.me\/wp-content\/uploads\/2025\/05\/disciplina3.png 1801w, https:\/\/kajakcrnagora.me\/wp-content\/uploads\/2025\/05\/disciplina3-300x76.png 300w, https:\/\/kajakcrnagora.me\/wp-content\/uploads\/2025\/05\/disciplina3-1024x261.png 1024w, https:\/\/kajakcrnagora.me\/wp-content\/uploads\/2025\/05\/disciplina3-768x196.png 768w, https:\/\/kajakcrnagora.me\/wp-content\/uploads\/2025\/05\/disciplina3-1536x391.png 1536w\" sizes=\"(max-width: 1801px) 100vw, 1801px\" \/>\t\t\t\t\t\t\t\t\t\t\t\t\t\t\t<\/div>\n\t\t\t\t<\/div>\n\t\t\t\t<\/div>\n\t\t<div class=\"elementor-element elementor-element-bbcfbaf e-con-full e-flex e-con e-parent\" data-id=\"bbcfbaf\" data-element_type=\"container\" data-e-type=\"container\">\n\t\t\r\n\t\t<div class=\"elementor-element elementor-element-5707512 elementor-widget elementor-widget-tourmsectiontitle\" data-id=\"5707512\" data-element_type=\"widget\" data-e-type=\"widget\" data-widget_type=\"tourmsectiontitle.default\">\n\t\t\t\t<div class=\"elementor-widget-container\">\n\t\t\t\t\t\t\t<div class=\"title-area text-center \">\r\n\t\t\t<span class=\"sub-title \">O kajaku<\/span><h2 class=\"sec-title \">Olipijski i Neolimpijske discipline<\/h2>\t\t<\/div>\r\n\r\n\t\t\t\t\t<\/div>\n\t\t\t\t<\/div>\n\t\t\t\t<\/div>\n\t\t<div class=\"elementor-element elementor-element-a666f89 e-flex e-con-boxed e-con e-parent\" data-id=\"a666f89\" data-element_type=\"container\" data-e-type=\"container\">\n\t\t\t\t\t<div class=\"e-con-inner\">\n\t\t\t\t<div class=\"elementor-element elementor-element-1ca8516 elementor-widget elementor-widget-tourmfaq\" data-id=\"1ca8516\" data-element_type=\"widget\" data-e-type=\"widget\" data-widget_type=\"tourmfaq.default\">\n\t\t\t\t<div class=\"elementor-widget-container\">\n\t\t\t\t\t<div class=\"accordion\" id=\"faqAccordion1\"><div class=\"accordion-card active style2\"><div class=\"accordion-header\" id=\"collapse-item-6a008f60bf580\"><button class=\"accordion-button \" type=\"button\" data-bs-toggle=\"collapse\" data-bs-target=\"#collapse-6a008f60bf580\" aria-expanded=\"true\" aria-controls=\"collapse-6a008f60bf580\">Sprint<\/button><\/div><div id=\"collapse-6a008f60bf580\" class=\"accordion-collapse collapse show\" aria-labelledby=\"collapse-item-6a008f60bf580\" data-bs-parent=\"#faqAccordion1\"><div class=\"accordion-body style2\"><p class=\"faq-text\"><p>Kajak na mirnim vodama je borba brzine, snage i izdr\u017eljivosti, gde se sportisti takmi\u010de rame uz rame na vodama koje ne teku. Od 1936. godine kajak je olimpijski sport.<\/p><p>U olimpijskom programu nalazi se 10 kajaka\u0161kih disciplina.<\/p><p><strong><span style=\"color: #000000\"><em>Mu\u0161karci<\/em><\/span><\/strong><\/p><ul><li>K-1 (kajak jednosjed) \u2013 1000 m<\/li><li>K-2 (kajak dvosjed) \u2013\u00a0 500 m<\/li><li>K-4 (\u010detverac) \u2013 500 m<\/li><li>C-1 (kanu jednoklek) \u2013 \u00a01000 m<\/li><li>C-2 (kanu dvoklek) \u2013 500 m<\/li><\/ul><p><strong><span style=\"color: #000000\"><em>\u017dene<\/em><\/span><\/strong><\/p><ul><li>K-1 (kajak jednosjed) \u2013 500 m<\/li><li>K-2 (kajak dvosjed) \u2013 500 m<\/li><li>K-4 (kajak \u010detverac) \u2013 500 m<\/li><li>C-1 (kanu jednoklek) \u2013 200m<\/li><li>C-2 (kanu dvoklek) -500m<\/li><\/ul><p>U programu svjetskih i evropskih \u0161ampionata i nacionalnih takmi\u010denja nalaze se jo\u0161 i sljede\u0107e discipline:<\/p><p><span style=\"color: #000000\"><strong>Neolimpijske discipline \u201eSprint\u201d (mu\u0161karci):<\/strong><\/span><\/p><p>200m \u2013 K\u20131 (kajak jednosjed) 200 m, K\u20132 (kajak dvosjed) 200 m, K\u20134 (kajak \u010detvorosjed) 200 m, C\u20131 (kanu jednoklek) 200 m, C\u20132 (kanu dvoklek) 200 m, C\u20134 (kanu \u010detvoroklek) 200 m 500m \u2013 K\u20131 (kajak jednosjed)<\/p><p>500 m - C\u20131 (kanu jednoklek) 500 m,\u00a0 C\u20134 (kanu \u010detvoroklek) 500 m<\/p><p>1000m \u2013 K\u20132 (kajak dvosjed) 1000 m, K\u20134 (kajak \u010detvorosjed) 1000 m, C\u20132 (kanu dvoklek) 1000 m, C\u20134 (kanu \u010detvoroklek) 1000 m<\/p><p>5000m \u2013 K\u20131 (kajak jednosjed) 5000 m, K\u20132 (kajak dvosed) 5000 m,\u00a0 K\u20134 (kajak \u010detvorosed) 5000 m, C\u20131 (kanu jednoklek) 5000 m, C\u20132 (kanu dvoklek) 5000 m<\/p><p><span style=\"color: #000000\"><strong>Neolimpijske discipline \u201eSprint\u201d (\u017eene):<\/strong><\/span><\/p><p>200m \u2013 K\u20131 (kajak jednosjed) 200 m, K\u20132 (kajak dvosjed) 200 m, K\u20134 (kajak \u010detvorosjed) 200 m, C\u20132 (kanu dvoklek) 200 m, C\u20134 (kanu \u010detvoroklek) 200 m,<\/p><p>500m \u2013 C\u20131 (kanu jednoklek) 500 m, C\u20134 (kanu \u010detvoroklek) 500 m<\/p><p>1000m \u2013 K\u20131 (kajak jednosjed) 1000 m, K\u20132 (kajak dvosjed) 1000 m, K\u20134 (kajak \u010detvorosjed) 1000 m, C\u20131 (kanu jednoklek) 1000 m, C\u20132 (kanu dvoklek) 1000 m, C\u20134 (kanu \u010detvoroklek) 1000 m<\/p><p>5000m \u2013 K\u20131 (kajak jednosjed) 5000 m, K\u20132 (kajak dvosjed) 5000 m,\u00a0 K\u20134 (kajak \u010detvorosjed) 5000 m, C\u20131 (kanu jednoklek) 5000 m, C\u20132 (kanu dvoklek) 5000 m<\/p><p><span style=\"color: #000000\"><strong>Neolimpijske discipline \u201eSprint\u201d (miks):<\/strong><\/span><\/p><p>200m \u2013\u00a0 K\u20132 (kajak dvosjed) 200 m, K\u20134 (kajak \u010detvorosjed) 200 m, C\u20132 (kanu dvoklek) 200 m, C\u20134 (kanu \u010detvoroklek) 200 m<\/p><p>500m \u2013 K\u20132 (kajak dvosjed) 500 m, K\u20134 (kajak \u010detvorosjed) 500 m, C\u20132 (kanu dvoklek) 500 m, C\u20134 (kanu \u010detvoroklek) 500 m<\/p><p>1000m \u2013 K\u20132 (kajak dvosjed) 1000 m, K\u20134 (kajak \u010detvorosjed) 1000 m, C\u20132 (kanu dvoklek) 1000 m, C\u20134 (kanu \u010detvoroklek) 1000 m<\/p><p>5000m \u2013 K\u20132 (kajak dvosjed) 5000 m, K\u20134 (kajak \u010detvorosjed) 5000 m, C\u20132 (kanu dvoklek) 5000 m<\/p><p>Osim pomenutih sprinterskih disciplina postoje i atraktivne maratonske trke sa suvim, kopnenim preprekama ili bez prepreka, na distancama od nekoliko kilometara do nekoliko desetina kilometara, za mu\u0161karce i \u017eene u kajaku jednosjedu i dvosjedu, kao i u kanuu jednokleku i dvokleku za mu\u0161karce.<\/p><p>Na programu Svjetskih prvenstava veslaju se distance od minimalno 20 km za \u017eene do maksimalno 42 km za mu\u0161karce, sa kopnenim preprekama.<\/p><p><span style=\"color: #000000\"><strong>Neolimpijkse discipline \u201eMaraton\u201d (mu\u0161karci i \u017eene):<\/strong><\/span><\/p><p>K\u20131 (kajak jednosjed), K\u20132 (kajak dvosjed), K\u20134 (kajak \u010detverac), C\u20131 (kanu jednoklek), C\u20132 (kanu dvoklek), SUP.<\/p><\/p><\/div><\/div><\/div><div class=\"accordion-card  style2\"><div class=\"accordion-header\" id=\"collapse-item-6a008f60bf86e\"><button class=\"accordion-button collapsed\" type=\"button\" data-bs-toggle=\"collapse\" data-bs-target=\"#collapse-6a008f60bf86e\" aria-expanded=\"false\" aria-controls=\"collapse-6a008f60bf86e\">Slalom &amp; Spust<\/button><\/div><div id=\"collapse-6a008f60bf86e\" class=\"accordion-collapse collapse \" aria-labelledby=\"collapse-item-6a008f60bf86e\" data-bs-parent=\"#faqAccordion1\"><div class=\"accordion-body style2\"><p class=\"faq-text\"><p>Kajak na divljim vodama je uzbudljiv, atraktivan sport, u kome se sportisti takmi\u010de na brzim, teku\u0107im vodama. Podijeljen je na dvije osnovne grane:<\/p><ul><li>slalom i<\/li><li>spust.<\/li><\/ul><p><em><strong>Slalom<\/strong><\/em><\/p><p>Slalomske trke se odr\u017eavaju na distancama od 300 do 500 metara, gdje takmi\u010dari moraju da pro\u0111u kroz 25 nizvodnih ili uzvodnih kapija, za \u0161to kra\u0107e vrijeme, a da pri tom ne zarade kaznene poene u vidu dodatnog vremena. Za svaki dodir kapije dobijaju se 2 kaznene sekunde, a za proma\u0161enu kapiju 50 sekundi.<\/p><p>Slalom je u programu Olimpijskih igara od 1972. godine. Ekstremni slalom je u programu Olimpijskih igara od 2024 godine. Postoje sljede\u0107e slalomske discipline:<\/p><p><strong>Olimpijske discipline \u201eSlalom \u2013 divl\u0458e vode\u201d (mu\u0161karci):<\/strong><\/p><p>K\u20131 (kajak jednosjed)<\/p><p>C\u20131 (kanu jednoklek)<\/p><p>CLSX (ekstremni slalom)<\/p><p><strong>Olimpijske discipline \u201eSlalom \u2013 divl\u0458e vode\u201d (\u017eene):<\/strong><\/p><p>K\u2013 1 (kajak jednosjed)<\/p><p>C\u20131 (kanu jednoklek)<\/p><p>CLSX (ekstremni slalom)<\/p><p><strong>Neolimpijske discipline \u201eSlalom\u201d (mu\u0161karci):<\/strong><\/p><p>C\u20132 (kanu dvoklek), 3 x K\u20131, 3 x C\u20131, 3 x C\u20132<\/p><p><strong>Neolimpijske discipline \u201eSlalom\u201d (\u017eene):<\/strong><\/p><p>C\u20132 (kanu dvoklek), 3 x K\u20131, 3 x C\u20131, 3 x C\u20132<\/p><p><strong>Neolimpijske discipline \u201eSlalom\u201d (miks):<\/strong><\/p><p>C\u20132 (kanu dvoklek), 3 x C\u20132<\/p><p><em><strong>Spust<\/strong><\/em><\/p><p>Spust se odr\u017eava na stazama dugim 5-10 kilometara. Postoji teorija da svaki vodeni tok ima traku \u0161irine oko 60 cm gdje voda te\u010de najbr\u017ee. Takmi\u010dari treba da \u0161to du\u017ee ostanu u toj struji kako bi ostvarili dobar rezultat. Da bi to postigli moraju dobro da poznaju vodene tokove.<\/p><p>Postoje dvije osnovne discipline, klasik (duge staze) i sprint (staza du\u017eine oko 500 m). Takmi\u010denja se odr\u017eavaju u pojedina\u010dnoj i timskoj konkurenciji, gdje u\u010destvuju po 3 takmi\u010dara istovremeno, kao ekipa.<\/p><p><strong>Neolimpijske discipline \u201eSpust\u201d (mu\u0161karci i \u017eene):<\/strong><\/p><p>K\u20131 (kajak jednosed), klasik i sprint, C\u20131 (kanu jednoklek), klasik i sprint, C\u20132 (kanu dvoklek), klasik i sprint, 3 x K\u20131, klasik i sprint, 3 x C\u20131, klasik i sprint, 3 x C\u20132, klasik i sprint.<\/p><\/p><\/div><\/div><\/div><div class=\"accordion-card  style2\"><div class=\"accordion-header\" id=\"collapse-item-6a008f60bf9b3\"><button class=\"accordion-button collapsed\" type=\"button\" data-bs-toggle=\"collapse\" data-bs-target=\"#collapse-6a008f60bf9b3\" aria-expanded=\"false\" aria-controls=\"collapse-6a008f60bf9b3\">Parakajak<\/button><\/div><div id=\"collapse-6a008f60bf9b3\" class=\"accordion-collapse collapse \" aria-labelledby=\"collapse-item-6a008f60bf9b3\" data-bs-parent=\"#faqAccordion1\"><div class=\"accordion-body style2\"><p class=\"faq-text\"><p><span style=\"color: #000000\"><b>Parakajak<\/b>\u00a0<\/span>je kajak\u00a0za sportiste sa nizom fizi\u010dkih invaliditeta.\u00a0<a title=\"\u041f\u0430\u0440\u0430\u043e\u043b\u0438\u043c\u043f\u0438\u0458\u0441\u043a\u0435 \u0438\u0433\u0440\u0435\" href=\"https:\/\/en.wikipedia.org\/wiki\/Paralympic_Games\">Paraolimpijski<\/a>\u00a0verzija sportu regulisano\u00a0<a title=\"\u041c\u0435\u0452\u0443\u043d\u0430\u0440\u043e\u0434\u043d\u0430 \u043a\u0430\u043d\u0443 \u0444\u0435\u0434\u0435\u0440\u0430\u0446\u0438\u0458\u0430\" href=\"https:\/\/en.wikipedia.org\/wiki\/International_Canoe_Federation\">Me\u0111unarodne\u00a0Kajaka\u0161kog\u00a0federacije<\/a>\u00a0(ICF),\u00a0<a title=\"\u0412\u0430'\u0430\" href=\"https:\/\/en.wikipedia.org\/wiki\/Va%27a\">\u00a0va\u2018a<\/a>\u00a0specifi\u010dnim varijante regulisano je\u00a0<a title=\"\u041c\u0435\u0452\u0443\u043d\u0430\u0440\u043e\u0434\u043d\u0430 \u0412\u0430'\u0430 \u0444\u0435\u0434\u0435\u0440\u0430\u0446\u0438\u0458\u0430 (\u0441\u0442\u0440\u0430\u043d\u0438\u0446\u0430 \u043d\u0435 \u043f\u043e\u0441\u0442\u043e\u0458\u0438)\" href=\"https:\/\/en.wikipedia.org\/w\/index.php?title=International_Va%27a_Federation&amp;action=edit&amp;redlink=1\">Me\u0111unarodne\u00a0Va\u2018a\u00a0federacije<\/a>\u00a0(IVF).\u00a0<\/p><p>Na sastanku\u00a0<a title=\"\u041c\u0435\u0452\u0443\u043d\u0430\u0440\u043e\u0434\u043d\u0438 \u043f\u0430\u0440\u0430\u043e\u043b\u0438\u043c\u043f\u0438\u0458\u0441\u043a\u0438 \u043a\u043e\u043c\u0438\u0442\u0435\u0442\" href=\"https:\/\/en.wikipedia.org\/wiki\/International_Paralympic_Committee\">Me\u0111unarodnog\u00a0paraolimpijskog\u00a0komiteta<\/a>\u00a0u\u00a0<a title=\"\u0413\u0443\u0430\u043d\u0433\u0437\u0445\u043e\u0443\" href=\"https:\/\/en.wikipedia.org\/wiki\/Guangzhou\">Guangd\u017eouu<\/a>\u00a0u Kini 2010. godine odlu\u010deno je da se paraolimpijskom programu doda parakajak.\u00a0Kao rezultat toga, parakajak je debitovao\u00a0<a title=\"\u041f\u0430\u0440\u0430\u043a\u0430\u043d\u0443 \u043d\u0430 \u041b\u0435\u0442\u045a\u0438\u043c \u043f\u0430\u0440\u0430\u043e\u043b\u0438\u043c\u043f\u0438\u0458\u0441\u043a\u0438\u043c \u0438\u0433\u0440\u0430\u043c\u0430 2016\" href=\"https:\/\/en.wikipedia.org\/wiki\/Paracanoeing_at_the_2016_Summer_Paralympics\">na Ljetnjim paraolimpijskim igrama u Riju 2016.<\/a>\u00a0<\/p><p><strong>Paralimpijske discipline \u201eParakajak\u201d (mu\u0161karci):<\/strong><\/p><p>KL3 (kajak) 200m<\/p><p>KL2 (kajak) 200m<\/p><p>KL1 (kajak) 200m<\/p><p>VL3 (va\u2019a) 200m<\/p><p>VL2 (va\u2019a) 200m<\/p><p><strong>Paralimpijske discipline \u201eParakajak\u201d (\u017eene):<\/strong><\/p><p>KL3 (kajak) 200m<\/p><p>KL2 (kajak) 200m<\/p><p>KL1 (kajak) 200m<\/p><p>VL3 (va\u2019a) 200m<\/p><p>VL2 (va\u2019a) 200m<\/p><p><strong>Neparalimpijske discipline \u201eParakajak\u201d (mu\u0161karci):<\/strong><\/p><p>VL1 (va\u2019a) 200m<\/p><p><strong>Neparalimpijske discipline \u201eParakajak\u201d (\u017eene):<\/strong><\/p><p>VL1 (va\u2019a) 200m<\/p><\/p><\/div><\/div><\/div><div class=\"accordion-card  style2\"><div class=\"accordion-header\" id=\"collapse-item-6a008f60bfbc7\"><button class=\"accordion-button collapsed\" type=\"button\" data-bs-toggle=\"collapse\" data-bs-target=\"#collapse-6a008f60bfbc7\" aria-expanded=\"false\" aria-controls=\"collapse-6a008f60bfbc7\">Veslanje u\u00a0stajanju\u00a0(\u00a0SUP\u00a0) ili\u00a0veslanje u\u00a0stoje\u0107em<\/button><\/div><div id=\"collapse-6a008f60bfbc7\" class=\"accordion-collapse collapse \" aria-labelledby=\"collapse-item-6a008f60bfbc7\" data-bs-parent=\"#faqAccordion1\"><div class=\"accordion-body style2\"><p class=\"faq-text\"><p><span style=\"color: #000000\"><strong>Veslanje u\u00a0stajanju<\/strong>\u00a0(\u00a0<strong>SUP<\/strong>\u00a0) ili\u00a0<strong>veslanje u\u00a0stoje\u0107em<\/strong>\u00a0<\/span>je\u00a0<a href=\"https:\/\/de.wikipedia.org\/wiki\/Wassersport\">sport<\/a>\u00a0na\u00a0<a href=\"https:\/\/de.wikipedia.org\/wiki\/Wassersport\">vodi<\/a>\u00a0u kojem sportista\u00a0<em>stoji<\/em>\u00a0uspravno na dasci za plutanje (\u00a0<em>stand-up paddle-board<\/em>\u00a0ili\u00a0<em>stand-up\u00a0paddle board<\/em>\u00a0stoji).<\/p><p>SUP daske se generalno mogu podeliti na lesonit i daske na naduvavanje (SUP\/iSUP).<\/p><p>Postoje razli\u010diti dizajni vesla: Jednostavna vesla \u010desto imaju aluminijumsku osovinu i jednostavnu plasti\u010dnu o\u0161tricu.\u00a0Kvalitetnija vesla su napravl\u0458ena od\u00a0<a href=\"https:\/\/de.wikipedia.org\/wiki\/Glasfaser\">stakloplastike<\/a>\u00a0ili\u00a0<a href=\"https:\/\/de.wikipedia.org\/wiki\/Kohlenstofffaserverst%C3%A4rkter_Kunststoff\">plastike oja\u010dane karbonskim vlaknima<\/a>\u00a0i znatno su lak\u0161a.\u00a0Tu su i drvena vesla i vesla sa bambusovim listovima.<\/p><p>Neolimpijske discipline\u00a0<strong>\u201eSUP\u201d (mu\u0161karci i \u017eene):<\/strong><\/p><p>Sprint, Maraton, Tehni\u010dka trka, Trka na daskama na naduvavanje<\/p><p>Cil\u0458 skoro svih takmi\u010denja je pre\u0107i odre\u0111enu distancu \u0161to je br\u017ee mogu\u0107e. Kao takmi\u010darski sport, uglavnom se pravi razlika izme\u0111u sljede\u0107ih disciplina.<\/p><ul><li>Duga\u010dka razdal\u0458ina: Velike udal\u0458enosti izme\u0111u 6 i 12 km du\u017eine.<\/li><li>Sprint distanca: Kratke udal\u0458enosti od maksimalno 500 m. Do 6 u\u010desnika startuje u isto vrijeme.<\/li><li>Deonice sa tragovima skretanja. Nekoliko u\u010desnika po\u010dinje u isto vrijeme.<\/li><li>Procena manevara u talasima unutar definisanog vremenskog okvira.<\/li><\/ul><\/p><\/div><\/div><\/div><\/div>\t\t\t\t<\/div>\n\t\t\t\t<\/div>\n\t\t\t\t\t<\/div>\n\t\t\t\t<\/div>\n\t\t<div class=\"elementor-element elementor-element-6e52acd e-grid e-con-boxed e-con e-parent\" data-id=\"6e52acd\" data-element_type=\"container\" data-e-type=\"container\">\n\t\t\t\t\t<div class=\"e-con-inner\">\n\t\t<div class=\"elementor-element elementor-element-2e73047 e-con-full e-flex e-con e-child\" data-id=\"2e73047\" data-element_type=\"container\" data-e-type=\"container\" data-settings=\"{&quot;background_background&quot;:&quot;classic&quot;}\">\n\t\t<div class=\"elementor-element elementor-element-6134866 e-flex e-con-boxed e-con e-child\" data-id=\"6134866\" data-element_type=\"container\" data-e-type=\"container\">\n\t\t\t\t\t<div class=\"e-con-inner\">\n\t\t\t\t<div class=\"elementor-element elementor-element-0979568 elementor-widget elementor-widget-tourmsectiontitle\" data-id=\"0979568\" data-element_type=\"widget\" data-e-type=\"widget\" data-widget_type=\"tourmsectiontitle.default\">\n\t\t\t\t<div class=\"elementor-widget-container\">\n\t\t\t\t\t\t\t<div class=\"title-area text-center \">\r\n\t\t\t<span class=\"sub-title \">Ima jo\u0161 pitanja u vezi disciplina<\/span><h2 class=\"sec-title \">Po\u0161alji te poruku, ubrzo \u0107emo odgovoriti.<\/h2>\t\t<\/div>\r\n\r\n\t\t\t\t\t<\/div>\n\t\t\t\t<\/div>\n\t\t\t\t<div class=\"elementor-element elementor-element-2886288 elementor-widget elementor-widget-tourmcontactform\" data-id=\"2886288\" data-element_type=\"widget\" data-e-type=\"widget\" data-widget_type=\"tourmcontactform.default\">\n\t\t\t\t<div class=\"elementor-widget-container\">\n\t\t\t\t\t\n<div class=\"wpcf7 no-js\" id=\"wpcf7-f1439-o1\" lang=\"en-US\" dir=\"ltr\" data-wpcf7-id=\"1439\">\n<div class=\"screen-reader-response\"><p role=\"status\" aria-live=\"polite\" aria-atomic=\"true\"><\/p> <ul><\/ul><\/div>\n<form action=\"\/index.php\/wp-json\/wp\/v2\/pages\/6517#wpcf7-f1439-o1\" method=\"post\" class=\"wpcf7-form init\" aria-label=\"Contact form\" novalidate=\"novalidate\" data-status=\"init\">\n<fieldset class=\"hidden-fields-container\"><input type=\"hidden\" name=\"_wpcf7\" value=\"1439\" \/><input type=\"hidden\" name=\"_wpcf7_version\" value=\"6.1.5\" \/><input type=\"hidden\" name=\"_wpcf7_locale\" value=\"en_US\" \/><input type=\"hidden\" name=\"_wpcf7_unit_tag\" value=\"wpcf7-f1439-o1\" \/><input type=\"hidden\" name=\"_wpcf7_container_post\" value=\"0\" \/><input type=\"hidden\" name=\"_wpcf7_posted_data_hash\" value=\"\" \/>\n<\/fieldset>\n<div class=\"contact-form \">\n    <h3 class=\"sec-title mb-30\">Kontaktirajte nas<\/h3>\n    <div class=\"row\">\n        <div class=\"col-md-6 form-group\">\n            <span class=\"wpcf7-form-control-wrap\" data-name=\"text-999\"><input size=\"40\" maxlength=\"400\" class=\"wpcf7-form-control wpcf7-text wpcf7-validates-as-required form-control\" id=\"text-999\" aria-required=\"true\" aria-invalid=\"false\" placeholder=\"Va\u0161e Ime\" value=\"\" type=\"text\" name=\"text-999\" \/><\/span>\n            <img decoding=\"async\" src=\"https:\/\/wordpress.themeholy.com\/tourm\/wp-content\/uploads\/2024\/07\/user.svg\" alt=\"\">\n        <\/div>\n        <div class=\"col-md-6 form-group\">\n            <span class=\"wpcf7-form-control-wrap\" data-name=\"email-717\"><input size=\"40\" maxlength=\"400\" class=\"wpcf7-form-control wpcf7-email wpcf7-validates-as-required wpcf7-text wpcf7-validates-as-email form-control\" id=\"email-717\" aria-required=\"true\" aria-invalid=\"false\" placeholder=\"Va\u0161 Email*\" value=\"\" type=\"email\" name=\"email-717\" \/><\/span>\n            <img decoding=\"async\" src=\"https:\/\/wordpress.themeholy.com\/tourm\/wp-content\/uploads\/2024\/07\/mail.svg\" alt=\"\">\n        <\/div>\n        <div class=\"form-group col-12\">\n            <span class=\"wpcf7-form-control-wrap\" data-name=\"menu-837\"><select class=\"wpcf7-form-control wpcf7-select wpcf7-validates-as-required form-select\" id=\"menu-837\" aria-required=\"true\" aria-invalid=\"false\" name=\"menu-837\"><option value=\"Informacija\">Informacija<\/option><option value=\"U\u010dlanjenje\">U\u010dlanjenje<\/option><option value=\"Takmi\u010denje\">Takmi\u010denje<\/option><option value=\"Kayak\">Kayak<\/option><option value=\"Kanuu\">Kanuu<\/option><\/select><\/span>\n        <\/div>\n        <div class=\"form-group col-12\">\n            <span class=\"wpcf7-form-control-wrap\" data-name=\"textarea-873\"><textarea cols=\"40\" rows=\"10\" maxlength=\"2000\" class=\"wpcf7-form-control wpcf7-textarea form-control\" id=\"textarea-873\" aria-invalid=\"false\" placeholder=\"Va\u0161a Poruka\" name=\"textarea-873\"><\/textarea><\/span>\n            <img decoding=\"async\" src=\"https:\/\/wordpress.themeholy.com\/tourm\/wp-content\/uploads\/2024\/07\/chat.svg\" alt=\"\">\n        <\/div>\n        <div class=\"form-btn col-12 mt-24\"><button type=\"submit\" class=\"th-btn style3 wpcf7\">Po\u0161alji poruku <img decoding=\"async\" src=\"https:\/\/wordpress.themeholy.com\/tourm\/wp-content\/uploads\/2024\/07\/plane.svg\" alt=\"\"><\/button>\n        <\/div>\n    <\/div>\n    <p class=\"form-messages mb-0 mt-3\"><\/p>\n<\/div><p style=\"display: none !important;\" class=\"akismet-fields-container\" data-prefix=\"_wpcf7_ak_\"><label>&#916;<textarea name=\"_wpcf7_ak_hp_textarea\" cols=\"45\" rows=\"8\" maxlength=\"100\"><\/textarea><\/label><input type=\"hidden\" id=\"ak_js_1\" name=\"_wpcf7_ak_js\" value=\"216\"\/><script>\ndocument.getElementById( \"ak_js_1\" ).setAttribute( \"value\", ( new Date() ).getTime() );\n<\/script>\n<\/p><div class=\"wpcf7-response-output\" aria-hidden=\"true\"><\/div>\n<\/form>\n<\/div>\n\t\t\t\t<\/div>\n\t\t\t\t<\/div>\n\t\t\t\t\t<\/div>\n\t\t\t\t<\/div>\n\t\t\t\t<\/div>\n\t\t\t\t\t<\/div>\n\t\t\t\t<\/div>\n\t\t\t\t<\/div>\n\t\t","protected":false},"excerpt":{"rendered":"<p>O kajaku Olipijski i Neolimpijske discipline Sprint Kajak na mirnim vodama je borba brzine, snage i izdr\u017eljivosti, gde se sportisti takmi\u010de rame uz rame na vodama koje ne teku. Od 1936. godine kajak je olimpijski sport. U olimpijskom programu nalazi se 10 kajaka\u0161kih disciplina. Mu\u0161karci K-1 (kajak jednosjed) \u2013 1000 m K-2 (kajak dvosjed) \u2013\u00a0&#8230;<\/p>\n","protected":false},"author":1,"featured_media":0,"parent":0,"menu_order":0,"comment_status":"closed","ping_status":"closed","template":"template-builder.php","meta":{"_monsterinsights_skip_tracking":false,"_monsterinsights_sitenote_active":false,"_monsterinsights_sitenote_note":"","_monsterinsights_sitenote_category":0,"_uf_show_specific_survey":0,"_uf_disable_surveys":false,"footnotes":""},"class_list":["post-6517","page","type-page","status-publish","hentry"],"_links":{"self":[{"href":"https:\/\/kajakcrnagora.me\/index.php\/wp-json\/wp\/v2\/pages\/6517","targetHints":{"allow":["GET"]}}],"collection":[{"href":"https:\/\/kajakcrnagora.me\/index.php\/wp-json\/wp\/v2\/pages"}],"about":[{"href":"https:\/\/kajakcrnagora.me\/index.php\/wp-json\/wp\/v2\/types\/page"}],"author":[{"embeddable":true,"href":"https:\/\/kajakcrnagora.me\/index.php\/wp-json\/wp\/v2\/users\/1"}],"replies":[{"embeddable":true,"href":"https:\/\/kajakcrnagora.me\/index.php\/wp-json\/wp\/v2\/comments?post=6517"}],"version-history":[{"count":14,"href":"https:\/\/kajakcrnagora.me\/index.php\/wp-json\/wp\/v2\/pages\/6517\/revisions"}],"predecessor-version":[{"id":6539,"href":"https:\/\/kajakcrnagora.me\/index.php\/wp-json\/wp\/v2\/pages\/6517\/revisions\/6539"}],"wp:attachment":[{"href":"https:\/\/kajakcrnagora.me\/index.php\/wp-json\/wp\/v2\/media?parent=6517"}],"curies":[{"name":"wp","href":"https:\/\/api.w.org\/{rel}","templated":true}]}}