{"id":6406,"date":"2025-05-25T22:51:44","date_gmt":"2025-05-25T20:51:44","guid":{"rendered":"https:\/\/kajakcrnagora.me\/?page_id=6406"},"modified":"2025-05-25T23:34:05","modified_gmt":"2025-05-25T21:34:05","slug":"svetska-kajakaska-federacija-icf","status":"publish","type":"page","link":"https:\/\/kajakcrnagora.me\/index.php\/svetska-kajakaska-federacija-icf\/","title":{"rendered":"Svetska kajaka\u0161ka federacija (ICF)"},"content":{"rendered":"\t\t<div data-elementor-type=\"wp-page\" data-elementor-id=\"6406\" class=\"elementor elementor-6406\">\n\t\t\t\t<div class=\"elementor-element elementor-element-742b76f e-flex e-con-boxed e-con e-parent\" data-id=\"742b76f\" data-element_type=\"container\" data-e-type=\"container\">\n\t\t\t\t\t<div class=\"e-con-inner\">\n\t\t\r\n\t\t<div class=\"elementor-element elementor-element-dcd723e elementor-widget elementor-widget-tourmfaq\" data-id=\"dcd723e\" data-element_type=\"widget\" data-e-type=\"widget\" data-widget_type=\"tourmfaq.default\">\n\t\t\t\t<div class=\"elementor-widget-container\">\n\t\t\t\t\t<div class=\"accordion\" id=\"faqAccordion1\"><div class=\"accordion-card active style2\"><div class=\"accordion-header\" id=\"collapse-item-6a00a143ea28b\"><button class=\"accordion-button \" type=\"button\" data-bs-toggle=\"collapse\" data-bs-target=\"#collapse-6a00a143ea28b\" aria-expanded=\"true\" aria-controls=\"collapse-6a00a143ea28b\">Po\u010deci ICF<\/button><\/div><div id=\"collapse-6a00a143ea28b\" class=\"accordion-collapse collapse show\" aria-labelledby=\"collapse-item-6a00a143ea28b\" data-bs-parent=\"#faqAccordion1\"><div class=\"accordion-body style2\"><p class=\"faq-text\"><p class=\"page-title\" style=\"text-align: left\">Dana <span style=\"color: #000000\"><strong>19. januara 1924.<\/strong> <\/span>godine, u Kopenhagenu u Danskoj, je osnovana Internationale Repr\u00e4sentantenschaft Kanusport, skra\u0107eno IRK, koja je 1946. godine promenila ime u <a href=\"https:\/\/web.archive.org\/web\/20201030120149\/http:\/\/www.canoeicf.com\/\" target=\"_blank\" rel=\"noopener noreferrer\">ICF<\/a> (Internationale Canoe Federation). Definisani su ciljevi organizacije:<\/p><div class=\"post-content entry-content\"><ul><li>Formiranje veza izme\u0111u kajaka\u0161kih saveza raznih zemalja<\/li><li>Organizacija me\u0111unarodnih takmi\u010denja u kajaku i kanuu i jedrenju jednom godi\u0161nje, naizmjeni\u010dno u razli\u010ditim zemljama.<\/li><li>Promovisanje i podsticanje inostranog turizma kroz kreiranje odgovaraju\u0107ih rije\u010dnih vodi\u010da i pru\u017eanje informacija o smje\u0161taju i interesantnim lokacijama.<\/li><li>Uvo\u0111enje me\u0111unarodno priznatih simbola za rijeke, kako bi se olak\u0161ao obilazak.<\/li><li>Razmjenjivanje informacija kroz izradu raznih nacionalnih publikacija o kajaku, me\u0111usobno dostupnih kroz pripremu predavanja i predava\u010da, filmova i fotografija, kao i putem dopisivanja.<\/li><\/ul><p>Iskonska priroda i imid\u017e kajaka kao jednostavnog plovila slu\u017ei kao simbol ujedinjenja me\u0111u kulturama i narodima koji dijele zajedni\u010dka iskustva tokom vremena i prostora. To nam poma\u017ee da objasnimo impresivnu ekspanziju Me\u0111unarodne kajaka\u0161ke federacije u vi\u0161e od 150 zemalja \u0161irom svijeta u proteklom periodu od 85 godina.<\/p><p>(Preuzeto sa\u00a0<a href=\"http:\/\/www.canoeicf.com\/\">sajta ICF<\/a>)<\/p><p>U okviru\u00a0<span style=\"color: #000000\"><strong>Me\u0111unarodne kajaka\u0161ke federacije (ICF \u2013 International Canoe Federation)<\/strong><\/span>\u00a0postoji vi\u0161e disciplina koje obuhvataju razli\u010dite oblike kajaka\u0161kog sporta, na vodama razli\u010ditog tipa. Evo svih glavnih disciplina koje ICF organizuje i reguli\u0161e:<\/p><\/div><\/p><\/div><\/div><\/div><div class=\"accordion-card  style2\"><div class=\"accordion-header\" id=\"collapse-item-6a00a143ea4bd\"><button class=\"accordion-button collapsed\" type=\"button\" data-bs-toggle=\"collapse\" data-bs-target=\"#collapse-6a00a143ea4bd\" aria-expanded=\"false\" aria-controls=\"collapse-6a00a143ea4bd\">Olimpijske discipline:<\/button><\/div><div id=\"collapse-6a00a143ea4bd\" class=\"accordion-collapse collapse \" aria-labelledby=\"collapse-item-6a00a143ea4bd\" data-bs-parent=\"#faqAccordion1\"><div class=\"accordion-body style2\"><p class=\"faq-text\"><p><strong>\ud83d\udef6<\/strong><strong>\u00a0Olimpijske discipline:<\/strong><\/p><p><span style=\"color: #000000\"><strong>Kanu sprint (Canoe Sprint)<\/strong><\/span><\/p><ul><li>Trke na mirnim vodama (staja\u0107e vode) na distancama 200m, 500m i 1000m<\/li><li>Kategorije: K1, K2, K4 i C1, C2, C4 (kajaci i kanui \u2013 mu\u0161karci i \u017eene)<\/li><\/ul><p><span style=\"color: #000000\"><strong>Kanu slalom (Canoe Slalom)<\/strong><\/span><\/p><ul><li>Trke na brzim, ve\u0161ta\u010dkim ili prirodnim rekama sa kapijama<\/li><li>Kategorije: C1, K1 (i mu\u0161ke i \u017eenske), i<\/li><\/ul><p><span style=\"color: #000000\"><strong>Extreme slalom<\/strong>\u00a0(novija disciplina)<\/span><\/p><ul><li>Trke na brzim, ve\u0161ta\u010dkim ili prirodnim rekama sa kapijama<\/li><li>Kategorije: C1, K1 (i mu\u0161ke i \u017eenske),<\/li><\/ul><p><span style=\"color: #000000\"><strong>Paracanoe (Parakajak)<\/strong><\/span><\/p><ul><li>Disciplina namenjena osobama sa invaliditetom<\/li><li>Uklju\u010dena u Paraolimpijske igre<\/li><\/ul><\/p><\/div><\/div><\/div><div class=\"accordion-card  style2\"><div class=\"accordion-header\" id=\"collapse-item-6a00a143ea6b4\"><button class=\"accordion-button collapsed\" type=\"button\" data-bs-toggle=\"collapse\" data-bs-target=\"#collapse-6a00a143ea6b4\" aria-expanded=\"false\" aria-controls=\"collapse-6a00a143ea6b4\">Neolimpijske discipline pod ICF-om:<\/button><\/div><div id=\"collapse-6a00a143ea6b4\" class=\"accordion-collapse collapse \" aria-labelledby=\"collapse-item-6a00a143ea6b4\" data-bs-parent=\"#faqAccordion1\"><div class=\"accordion-body style2\"><p class=\"faq-text\"><p><strong>\ud83c\udf0d<\/strong><strong>\u00a0<span style=\"color: #000000\">Neolimpijske discipline pod ICF-om:<\/span><\/strong><\/p><p><span style=\"color: #000000\"><strong>Kanu maraton (Canoe Marathon)<\/strong><\/span><\/p><ul><li>Du\u017ee trke (od 10 do 30+ km), \u010desto uklju\u010duju prenos \u010damca (porte\u017e)<\/li><li>Vesla se na rekama, jezerima ili kanalima<\/li><\/ul><p><span style=\"color: #000000\"><strong>Dragonbot<\/strong><strong>\u00a0(Canoe Dragon Boat)<\/strong><\/span><\/p><ul><li>Veslanje u velikim timovima u dugim \u010damcima u ritmu uz udaraljke<\/li><\/ul><p><span style=\"color: #000000\"><strong>Kanu fristajl (Canoe Freestyle)<\/strong><\/span><\/p><ul><li>Akrobatski stil u kratkim \u010damcima na vrtlo\u017enim rijekama (whitewater)<\/li><\/ul><p><span style=\"color: #000000\"><strong>Kanu spust (Wildwater Canoeing)<\/strong><\/span><\/p><ul><li>Trke niz rijeku u prirodno brzim i tehni\u010dki zahtjevnim uslovima<\/li><li>Postoji klasi\u010dni i sprint format<\/li><\/ul><p><span style=\"color: #000000\"><strong>Kanu polo (Canoe Polo)<\/strong><\/span><\/p><ul><li>Ekipni sport u bazenu ili vodenoj areni \u2013 kombinacija veslanja i fudbala\/vaterpola<\/li><\/ul><p><span style=\"color: #000000\"><strong>Veslanje na dasci \u2013 SUP (Stand Up Paddling)<\/strong><\/span><\/p><ul><li>Novija disciplina, u razvoju, koja uklju\u010duje stajanje na dasci i veslanje<\/li><\/ul><p><span style=\"color: #000000\"><strong>Okeanski kajak (Ocean Racing \/ Surfski)<\/strong><\/span><\/p><ul><li>Trke na otvorenim morskim ili okeanskim vodama u dugim uskim \u010damcima (Surfski)<\/li><\/ul><\/p><\/div><\/div><\/div><div class=\"accordion-card  style2\"><div class=\"accordion-header\" id=\"collapse-item-6a00a143ea8a8\"><button class=\"accordion-button collapsed\" type=\"button\" data-bs-toggle=\"collapse\" data-bs-target=\"#collapse-6a00a143ea8a8\" aria-expanded=\"false\" aria-controls=\"collapse-6a00a143ea8a8\">ICF discipline \u2013 Pregled disciplina Me\u0111unarodne kajaka\u0161ke federacije<\/button><\/div><div id=\"collapse-6a00a143ea8a8\" class=\"accordion-collapse collapse \" aria-labelledby=\"collapse-item-6a00a143ea8a8\" data-bs-parent=\"#faqAccordion1\"><div class=\"accordion-body style2\"><p class=\"faq-text\"><table><tbody><tr><td style=\"width: 126.988px\"><span style=\"color: #000000\"><strong>Disciplina<\/strong><\/span><\/td><td style=\"width: 115.988px\"><span style=\"color: #000000\"><strong>Tip vode<\/strong><\/span><\/td><td style=\"width: 182.712px\"><span style=\"color: #000000\"><strong>Format takmi\u010denja<\/strong><\/span><\/td><td style=\"width: 131.913px\"><span style=\"color: #000000\"><strong>Olimijski status<\/strong><\/span><\/td><\/tr><tr><td style=\"width: 126.988px\"><span style=\"color: #000000\">Kanu sprint<\/span><\/td><td style=\"width: 115.988px\"><span style=\"color: #000000\">Mirna voda<\/span><\/td><td style=\"width: 182.712px\"><span style=\"color: #000000\">\u00a0Sprint(200\/500\/1000\u043c)<\/span><\/td><td style=\"width: 131.913px\"><span style=\"color: #000000\">Olimpijska<\/span><\/td><\/tr><tr><td style=\"width: 126.988px\"><span style=\"color: #000000\">Kanu slalom<\/span><\/td><td style=\"width: 115.988px\"><span style=\"color: #000000\">Brza voda<\/span><\/td><td style=\"width: 182.712px\"><span style=\"color: #000000\">Kapije<\/span><\/td><td style=\"width: 131.913px\"><span style=\"color: #000000\">Olimpijska<\/span><\/td><\/tr><tr><td style=\"width: 126.988px\"><span style=\"color: #000000\">Ekstrem slalom<\/span><\/td><td style=\"width: 115.988px\"><span style=\"color: #000000\">Brza voda<\/span><\/td><td style=\"width: 182.712px\"><span style=\"color: #000000\">Slalom \/ \u0435liminacije<\/span><\/td><td style=\"width: 131.913px\"><span style=\"color: #000000\">Olimpijska (od Pariza 2024)<\/span><\/td><\/tr><tr><td style=\"width: 126.988px\"><span style=\"color: #000000\">Kanu marton<\/span><\/td><td style=\"width: 115.988px\"><span style=\"color: #000000\">Mirna\/ rije\u010dna voda<\/span><\/td><td style=\"width: 182.712px\"><span style=\"color: #000000\">Duge dionice + porte\u017e<\/span><\/td><td style=\"width: 131.913px\"><span style=\"color: #000000\">Neolimpijska<\/span><\/td><\/tr><tr><td style=\"width: 126.988px\"><span style=\"color: #000000\">Kanu spust<\/span><\/td><td style=\"width: 115.988px\"><span style=\"color: #000000\">Brza voda<\/span><\/td><td style=\"width: 182.712px\"><span style=\"color: #000000\">Klasik \/ sprint<\/span><\/td><td style=\"width: 131.913px\"><span style=\"color: #000000\">Neolimpijska<\/span><\/td><\/tr><tr><td style=\"width: 126.988px\"><span style=\"color: #000000\">Fristajl<\/span><\/td><td style=\"width: 115.988px\"><span style=\"color: #000000\">Brza voda<\/span><\/td><td style=\"width: 182.712px\"><span style=\"color: #000000\">\u00a0Akrobacije u vrtlo\u017enim vodama<\/span><\/td><td style=\"width: 131.913px\"><span style=\"color: #000000\">Neolimpijska<\/span><\/td><\/tr><tr><td style=\"width: 126.988px\"><span style=\"color: #000000\">\u041aanu polo<\/span><\/td><td style=\"width: 115.988px\"><span style=\"color: #000000\">Bazen \/ mirna voda<\/span><\/td><td style=\"width: 182.712px\"><span style=\"color: #000000\">Ekipni sport (lopta + veslanje)<\/span><\/td><td style=\"width: 131.913px\"><span style=\"color: #000000\">Neolimpijska<\/span><\/td><\/tr><tr><td style=\"width: 126.988px\"><span style=\"color: #000000\">\u041ekean trke (Surfski)<\/span><\/td><td style=\"width: 115.988px\"><span style=\"color: #000000\">\u041core\/ okean<\/span><\/td><td style=\"width: 182.712px\"><span style=\"color: #000000\">Trke na otvorenoj vodi<\/span><\/td><td style=\"width: 131.913px\"><span style=\"color: #000000\">Neolimpijska<\/span><\/td><\/tr><tr><td style=\"width: 126.988px\"><span style=\"color: #000000\">Dragon Boat<\/span><\/td><td style=\"width: 115.988px\"><span style=\"color: #000000\">Mirna voda<\/span><\/td><td style=\"width: 182.712px\"><span style=\"color: #000000\">Timske trke sa udarcem u ritam<\/span><\/td><td style=\"width: 131.913px\"><span style=\"color: #000000\">Neolimpijska<\/span><\/td><\/tr><tr><td style=\"width: 126.988px\"><span style=\"color: #000000\">Stand Up Paddling (SUP)<\/span><\/td><td style=\"width: 115.988px\"><span style=\"color: #000000\">Mirna \/ plitka voda<\/span><\/td><td style=\"width: 182.712px\"><span style=\"color: #000000\">Individualne \/ masovne trke stoje\u0107i<\/span><\/td><td style=\"width: 131.913px\"><span style=\"color: #000000\">U razvoju<\/span><\/td><\/tr><tr><td style=\"width: 126.988px\"><span style=\"color: #000000\">Parakajak<\/span><\/td><td style=\"width: 115.988px\"><span style=\"color: #000000\">Mirna voda<\/span><\/td><td style=\"width: 182.712px\"><span style=\"color: #000000\">Sprint (200\u043c \/ 500\u043c)<\/span><\/td><td style=\"width: 131.913px\"><span style=\"color: #000000\">Parolimpijska<\/span><\/td><\/tr><\/tbody><\/table><\/p><\/div><\/div><\/div><div class=\"accordion-card  style2\"><div class=\"accordion-header\" id=\"collapse-item-6a00a143eb2b7\"><button class=\"accordion-button collapsed\" type=\"button\" data-bs-toggle=\"collapse\" data-bs-target=\"#collapse-6a00a143eb2b7\" aria-expanded=\"false\" aria-controls=\"collapse-6a00a143eb2b7\">ICF discipline i formati trka po disciplinama<\/button><\/div><div id=\"collapse-6a00a143eb2b7\" class=\"accordion-collapse collapse \" aria-labelledby=\"collapse-item-6a00a143eb2b7\" data-bs-parent=\"#faqAccordion1\"><div class=\"accordion-body style2\"><p class=\"faq-text\"><p><span style=\"color: #000000\"><strong>Kanu sprint<\/strong><\/span><\/p><ul><li>K1, K2, K4 \u2013 200 m, 500 m, 1000 m<\/li><li>C1, C2, C4 \u2013 200 m, 500 m, 1000 m<\/li><li>Mu\u0161ke i \u017eenske kategorije<\/li><\/ul><p><span style=\"color: #000000\"><strong>Kanu slalom<\/strong><\/span><\/p><ul><li>K1, C1 \u2013 individualne trke kroz kapije<\/li><li>Ekipne trke (timovi po 3 \u010damca)<\/li><\/ul><p><span style=\"color: #000000\"><strong>Esktremni slalom<\/strong><\/span><\/p><ul><li>K1, C1 \u2013 individualne trke kroz kapije<\/li><\/ul><p><span style=\"color: #000000\"><strong>Kanu maraton<\/strong><\/span><\/p><ul><li>K1, K2, C1, C2 \u2013 trke od 10 do 35+ km<\/li><li>Sa obaveznim prenosima (porte\u017eima)<\/li><li>Individualno i grupno<\/li><\/ul><p><span style=\"color: #000000\"><strong>Kanu spust<\/strong><\/span><\/p><ul><li>Klasi\u010dna trka (duga deonica)<\/li><li>Sprint (brze trke u sekcijama)<\/li><li>K1, C1, C2 \u2013 mu\u0161ke i \u017eenske kategorije<\/li><\/ul><p><span style=\"color: #000000\"><strong>Fristajl<\/strong><\/span><\/p><ul><li>K1, C1, OC1 \u2013 akrobacije u vrtlo\u017enoj vodi<\/li><li>Ocjenjivanje na osnovu tehnike, stila i broja poena<\/li><\/ul><p><span style=\"color: #000000\"><strong>Kanu polo<\/strong><\/span><\/p><ul><li>5 protiv 5 u bazenu ili mirnoj vodi<\/li><li>Me\u010devi u dva poluvremena po 10 minuta<\/li><li>Mu\u0161ki i \u017eenski timovi<\/li><\/ul><p><span style=\"color: #000000\"><strong>Okean trke (Surfski)<\/strong><\/span><\/p><ul><li>SS1, SS2 \u2013 trke na otvorenom moru<\/li><li>Du\u017eine 10\u201325 km<\/li><li>Individualno \/ timski nastupi<\/li><\/ul><p><span style=\"color: #000000\"><strong>Dragon Boat<\/strong><\/span><\/p><ul><li>DB10 (10 vesla\u010da), DB20 (20 vesla\u010da)<\/li><li>Discipline: 200 m, 500 m, 2000 m<\/li><li>Takmi\u010denja miks, mu\u0161ki, \u017eenski<\/li><\/ul><p><span style=\"color: #000000\"><strong>Stand Up Paddling (SUP)<\/strong><\/span><\/p><ul><li>Sprint: 200 m<\/li><li>Technical race: sa okretima i preprekama<\/li><li>Distance race: 5 km, 10 km i vi\u0161e<\/li><\/ul><p><span style=\"color: #000000\"><strong>Parakajak<\/strong><\/span><\/p><ul><li>KL1, KL2, KL3 (kajak klase)<\/li><li>VL1, VL2, VL3 (vaa klase)<\/li><li>200 m \u2013 Paraolimpijska disciplina<\/li><\/ul><\/p><\/div><\/div><\/div><\/div>\t\t\t\t<\/div>\n\t\t\t\t<\/div>\n\t\t\t\t\t<\/div>\n\t\t\t\t<\/div>\n\t\t\t\t<\/div>\n\t\t","protected":false},"excerpt":{"rendered":"<p>Po\u010deci ICF Dana 19. januara 1924. godine, u Kopenhagenu u Danskoj, je osnovana Internationale Repr\u00e4sentantenschaft Kanusport, skra\u0107eno IRK, koja je 1946. godine promenila ime u ICF (Internationale Canoe Federation). Definisani su ciljevi organizacije: Formiranje veza izme\u0111u kajaka\u0161kih saveza raznih zemalja Organizacija me\u0111unarodnih takmi\u010denja u kajaku i kanuu i jedrenju jednom godi\u0161nje, naizmjeni\u010dno u razli\u010ditim zemljama&#8230;.<\/p>\n","protected":false},"author":1,"featured_media":0,"parent":0,"menu_order":0,"comment_status":"closed","ping_status":"closed","template":"","meta":{"_monsterinsights_skip_tracking":false,"_monsterinsights_sitenote_active":false,"_monsterinsights_sitenote_note":"","_monsterinsights_sitenote_category":0,"_uf_show_specific_survey":0,"_uf_disable_surveys":false,"footnotes":""},"class_list":["post-6406","page","type-page","status-publish","hentry"],"_links":{"self":[{"href":"https:\/\/kajakcrnagora.me\/index.php\/wp-json\/wp\/v2\/pages\/6406","targetHints":{"allow":["GET"]}}],"collection":[{"href":"https:\/\/kajakcrnagora.me\/index.php\/wp-json\/wp\/v2\/pages"}],"about":[{"href":"https:\/\/kajakcrnagora.me\/index.php\/wp-json\/wp\/v2\/types\/page"}],"author":[{"embeddable":true,"href":"https:\/\/kajakcrnagora.me\/index.php\/wp-json\/wp\/v2\/users\/1"}],"replies":[{"embeddable":true,"href":"https:\/\/kajakcrnagora.me\/index.php\/wp-json\/wp\/v2\/comments?post=6406"}],"version-history":[{"count":19,"href":"https:\/\/kajakcrnagora.me\/index.php\/wp-json\/wp\/v2\/pages\/6406\/revisions"}],"predecessor-version":[{"id":6432,"href":"https:\/\/kajakcrnagora.me\/index.php\/wp-json\/wp\/v2\/pages\/6406\/revisions\/6432"}],"wp:attachment":[{"href":"https:\/\/kajakcrnagora.me\/index.php\/wp-json\/wp\/v2\/media?parent=6406"}],"curies":[{"name":"wp","href":"https:\/\/api.w.org\/{rel}","templated":true}]}}