{"id":6295,"date":"2025-05-25T17:47:51","date_gmt":"2025-05-25T15:47:51","guid":{"rendered":"https:\/\/kajakcrnagora.me\/?page_id=6295"},"modified":"2025-05-25T18:22:24","modified_gmt":"2025-05-25T16:22:24","slug":"novosti","status":"publish","type":"page","link":"https:\/\/kajakcrnagora.me\/index.php\/novosti\/","title":{"rendered":"Novosti"},"content":{"rendered":"\t\t<div data-elementor-type=\"wp-page\" data-elementor-id=\"6295\" class=\"elementor elementor-6295\">\n\t\t\t\t<div class=\"elementor-element elementor-element-47922c6 e-flex e-con-boxed e-con e-parent\" data-id=\"47922c6\" data-element_type=\"container\" data-e-type=\"container\">\n\t\t\t\t\t<div class=\"e-con-inner\">\n\t\t<div class=\"elementor-element elementor-element-5d39627 e-con-full e-flex e-con e-child\" data-id=\"5d39627\" data-element_type=\"container\" data-e-type=\"container\">\n\t\t\r\n\t\t<div class=\"elementor-element elementor-element-4f9ab1a elementor-widget elementor-widget-sidebar\" data-id=\"4f9ab1a\" data-element_type=\"widget\" data-e-type=\"widget\" data-widget_type=\"sidebar.default\">\n\t\t\t\t<div class=\"elementor-widget-container\">\n\t\t\t\t\t<div id=\"block-2\" class=\"widget widget_block widget_search\"><form role=\"search\" method=\"get\" action=\"https:\/\/kajakcrnagora.me\/\" class=\"wp-block-search__button-outside wp-block-search__text-button wp-block-search\"    ><label class=\"wp-block-search__label\" for=\"wp-block-search__input-1\" >Pretraga<\/label><div class=\"wp-block-search__inside-wrapper\" ><input class=\"wp-block-search__input\" id=\"wp-block-search__input-1\" placeholder=\"\" value=\"\" type=\"search\" name=\"s\" required \/><button aria-label=\"Pretraga\" class=\"wp-block-search__button wp-element-button\" type=\"submit\" >Pretraga<\/button><\/div><\/form><\/div><div id=\"block-3\" class=\"widget widget_block\"><div class=\"wp-block-group\"><div class=\"wp-block-group__inner-container\"><h2 class=\"wp-block-heading\">Najnovije<\/h2><ul class=\"wp-block-latest-posts__list wp-block-latest-posts\"><li><a class=\"wp-block-latest-posts__post-title\" href=\"https:\/\/kajakcrnagora.me\/index.php\/2026\/03\/21\/kajakaski-savez-crne-gore-dobio-sredstva-od-vlade-cg\/\">Kajaka\u0161ki savez Crne Gore dobio sredstva od Vlade CG<\/a><\/li>\n<li><a class=\"wp-block-latest-posts__post-title\" href=\"https:\/\/kajakcrnagora.me\/index.php\/2025\/05\/25\/turisticko-rekreativnim-manifestacijama-na-vodi\/\">Turisti\u010dko-rekreativnim manifestacijama na vodi<\/a><\/li>\n<li><a class=\"wp-block-latest-posts__post-title\" href=\"https:\/\/kajakcrnagora.me\/index.php\/2025\/05\/25\/evropsko-prvenstvo-u-kajaku-i-kanuu\/\">Evropsko prvenstvo u kajaku i kanuu<\/a><\/li>\n<li><a class=\"wp-block-latest-posts__post-title\" href=\"https:\/\/kajakcrnagora.me\/index.php\/2025\/05\/25\/svetsko-prvenstvo-u-kajaku-i-kanuu\/\">Svetsko prvenstvo u kajaku i kanuu<\/a><\/li>\n<li><a class=\"wp-block-latest-posts__post-title\" href=\"https:\/\/kajakcrnagora.me\/index.php\/2025\/05\/25\/kajakaski-savez-crne-gore\/\">Kajaka\u0161ki savez Crne Gore<\/a><\/li>\n<\/ul><\/div><\/div><\/div><div id=\"block-7\" class=\"widget widget_block\">\r\n<div class=\"wp-block-group\"><div class=\"wp-block-group__inner-container\">\r\n<h3 class=\"wp-block-heading widget_title\">Kategorije<\/h3>\r\n\r\n\r\n<ul class=\"wp-block-categories-list wp-block-categories\">\t<li class=\"cat-item cat-item-61\"><a href=\"https:\/\/kajakcrnagora.me\/index.php\/category\/novosti\/\">Novosti<\/a> <span class=\"category-number\">4<\/span>\n<\/li>\n\t<li class=\"cat-item cat-item-64\"><a href=\"https:\/\/kajakcrnagora.me\/index.php\/category\/rafting\/\">Rafting<\/a> <span class=\"category-number\">1<\/span>\n<\/li>\n\t<li class=\"cat-item cat-item-1\"><a href=\"https:\/\/kajakcrnagora.me\/index.php\/category\/uncategorized\/\">Uncategorized<\/a> <span class=\"category-number\">1<\/span>\n<\/li>\n<\/ul><\/div><\/div>\r\n<\/div><div id=\"tourm_recent_posts_widget-1\" class=\"widget \"><h3 class=\"widget_title\">Nedavne objave<\/h3><div class=\"recent-post-wrap\"><div class=\"recent-post\"><div class=\"media-img\"><a href=\"https:\/\/kajakcrnagora.me\/index.php\/2026\/03\/21\/kajakaski-savez-crne-gore-dobio-sredstva-od-vlade-cg\/\"><img decoding=\"async\" src=\"https:\/\/kajakcrnagora.me\/wp-content\/uploads\/2026\/03\/viber_slika_2026-03-21_14-33-07-272-85x85.jpg\" alt=\"viber_slika_2026 03 21_14 33 07 272 85x85\"  \/><\/a><\/div><div class=\"media-body\"><h4 class=\"post-title\"><a class=\"text-inherit\" href=\"https:\/\/kajakcrnagora.me\/index.php\/2026\/03\/21\/kajakaski-savez-crne-gore-dobio-sredstva-od-vlade-cg\/\">Kajaka\u0161ki savez Crne Gore dobio<\/a><\/h4><div class=\"recent-post-meta\"><a href=\"https:\/\/kajakcrnagora.me\/index.php\/2026\/03\/21\/kajakaski-savez-crne-gore-dobio-sredstva-od-vlade-cg\/\"><i class=\"fa-solid fa-calendar-days\"><\/i>21.03.2026<\/a><\/div><\/div><\/div><div class=\"recent-post\"><div class=\"media-img\"><a href=\"https:\/\/kajakcrnagora.me\/index.php\/2025\/05\/25\/turisticko-rekreativnim-manifestacijama-na-vodi\/\"><img decoding=\"async\" src=\"https:\/\/kajakcrnagora.me\/wp-content\/uploads\/2025\/05\/tara-rafting-1-85x85.jpg\" alt=\"tara rafting 1 85x85\"  \/><\/a><\/div><div class=\"media-body\"><h4 class=\"post-title\"><a class=\"text-inherit\" href=\"https:\/\/kajakcrnagora.me\/index.php\/2025\/05\/25\/turisticko-rekreativnim-manifestacijama-na-vodi\/\">Turisti\u010dko-rekreativnim manifestacijama na vodi<\/a><\/h4><div class=\"recent-post-meta\"><a href=\"https:\/\/kajakcrnagora.me\/index.php\/2025\/05\/25\/turisticko-rekreativnim-manifestacijama-na-vodi\/\"><i class=\"fa-solid fa-calendar-days\"><\/i>25.05.2025<\/a><\/div><\/div><\/div><div class=\"recent-post\"><div class=\"media-img\"><a href=\"https:\/\/kajakcrnagora.me\/index.php\/2025\/05\/25\/evropsko-prvenstvo-u-kajaku-i-kanuu\/\"><img decoding=\"async\" src=\"https:\/\/kajakcrnagora.me\/wp-content\/uploads\/2025\/05\/R-5-85x85.jpeg\" alt=\"R 5 85x85\"  \/><\/a><\/div><div class=\"media-body\"><h4 class=\"post-title\"><a class=\"text-inherit\" href=\"https:\/\/kajakcrnagora.me\/index.php\/2025\/05\/25\/evropsko-prvenstvo-u-kajaku-i-kanuu\/\">Evropsko prvenstvo u kajaku i<\/a><\/h4><div class=\"recent-post-meta\"><a href=\"https:\/\/kajakcrnagora.me\/index.php\/2025\/05\/25\/evropsko-prvenstvo-u-kajaku-i-kanuu\/\"><i class=\"fa-solid fa-calendar-days\"><\/i>25.05.2025<\/a><\/div><\/div><\/div><div class=\"recent-post\"><div class=\"media-img\"><a href=\"https:\/\/kajakcrnagora.me\/index.php\/2025\/05\/25\/svetsko-prvenstvo-u-kajaku-i-kanuu\/\"><img decoding=\"async\" src=\"https:\/\/kajakcrnagora.me\/wp-content\/uploads\/2025\/05\/kjj-85x85.webp\" alt=\"kjj 85x85\"  \/><\/a><\/div><div class=\"media-body\"><h4 class=\"post-title\"><a class=\"text-inherit\" href=\"https:\/\/kajakcrnagora.me\/index.php\/2025\/05\/25\/svetsko-prvenstvo-u-kajaku-i-kanuu\/\">Svetsko prvenstvo u kajaku i<\/a><\/h4><div class=\"recent-post-meta\"><a href=\"https:\/\/kajakcrnagora.me\/index.php\/2025\/05\/25\/svetsko-prvenstvo-u-kajaku-i-kanuu\/\"><i class=\"fa-solid fa-calendar-days\"><\/i>25.05.2025<\/a><\/div><\/div><\/div><div class=\"recent-post\"><div class=\"media-img\"><a href=\"https:\/\/kajakcrnagora.me\/index.php\/2025\/05\/25\/kajakaski-savez-crne-gore\/\"><img decoding=\"async\" src=\"https:\/\/kajakcrnagora.me\/wp-content\/uploads\/2025\/05\/maxresdefault-2-85x85.jpg\" alt=\"maxresdefault 2 85x85\"  \/><\/a><\/div><div class=\"media-body\"><h4 class=\"post-title\"><a class=\"text-inherit\" href=\"https:\/\/kajakcrnagora.me\/index.php\/2025\/05\/25\/kajakaski-savez-crne-gore\/\">Kajaka\u0161ki savez Crne Gore<\/a><\/h4><div class=\"recent-post-meta\"><a href=\"https:\/\/kajakcrnagora.me\/index.php\/2025\/05\/25\/kajakaski-savez-crne-gore\/\"><i class=\"fa-solid fa-calendar-days\"><\/i>25.05.2025<\/a><\/div><\/div><\/div><\/div><\/div><div id=\"block-8\" class=\"widget widget_block\">\r\n<div class=\"wp-block-group\"><div class=\"wp-block-group__inner-container\">\r\n<h3 class=\"wp-block-heading widget_title\">Popularni tagovi<\/h3>\r\n\r\n\r\n<p class=\"wp-block-tag-cloud\"><a href=\"https:\/\/kajakcrnagora.me\/index.php\/tag\/evropsko-prvenstvo\/\" class=\"tag-cloud-link tag-link-63 tag-link-position-1\" aria-label=\"Evropsko prvenstvo (1 stavka)\">Evropsko prvenstvo<\/a>\n<a href=\"https:\/\/kajakcrnagora.me\/index.php\/tag\/svjetsko-prvenstvo\/\" class=\"tag-cloud-link tag-link-62 tag-link-position-2\" aria-label=\"Svjetsko prvenstvo (1 stavka)\">Svjetsko prvenstvo<\/a><\/p><\/div><\/div>\r\n<\/div>\t\t\t\t<\/div>\n\t\t\t\t<\/div>\n\t\t\t\t<\/div>\n\t\t<div class=\"elementor-element elementor-element-c1816bb e-con-full e-flex e-con e-child\" data-id=\"c1816bb\" data-element_type=\"container\" data-e-type=\"container\">\n\t\t\t\t<div class=\"elementor-element elementor-element-400e23b elementor-widget elementor-widget-tourmblog\" data-id=\"400e23b\" data-element_type=\"widget\" data-e-type=\"widget\" data-widget_type=\"tourmblog.default\">\n\t\t\t\t<div class=\"elementor-widget-container\">\n\t\t\t\t\t<div class=\"blog-area177 \"><div class=\"col-12 \"><div class=\"blog-grid4 th-ani style5 mt-24\"><div class=\"blog-img global-img\"><img fetchpriority=\"high\" decoding=\"async\" width=\"420\" height=\"347\" src=\"https:\/\/kajakcrnagora.me\/wp-content\/uploads\/2026\/03\/viber_slika_2026-03-21_14-33-07-272-420x347.jpg\" class=\"attachment-tourm_420X347 size-tourm_420X347 wp-post-image\" alt=\"\" \/><\/div><div class=\"box-content\"><div class=\"blog-meta\"><a href=\"https:\/\/kajakcrnagora.me\/index.php\/2026\/03\/21\/\">mar 21, 2026<\/a><a href=\"https:\/\/kajakcrnagora.me\/index.php\/2026\/03\/21\/kajakaski-savez-crne-gore-dobio-sredstva-od-vlade-cg\/\">1 min \u010ditanja<\/a><\/div><h3 class=\"box-title\"><a href=\"https:\/\/kajakcrnagora.me\/index.php\/2026\/03\/21\/kajakaski-savez-crne-gore-dobio-sredstva-od-vlade-cg\/\">Kajaka\u0161ki savez Crne Gore dobio sredstva<\/a><\/h3><p class=\"mb-30\">Na sve\u010danosti u Vili Gorica, predsjednik @vlada_cg @milojko_spajic a ispred @ministarstvosportaimladihcg, direktor sporta @zoran_jojic<\/p><a href=\"https:\/\/kajakcrnagora.me\/index.php\/2026\/03\/21\/kajakaski-savez-crne-gore-dobio-sredstva-od-vlade-cg\/\" class=\"th-btn style4 th-icon\">Pro\u010ditaj vi\u0161e<\/a><\/div><\/div><\/div><div class=\"col-12 \"><div class=\"blog-grid4 th-ani style5 mt-24\"><div class=\"blog-img global-img\"><img decoding=\"async\" width=\"420\" height=\"347\" src=\"https:\/\/kajakcrnagora.me\/wp-content\/uploads\/2025\/05\/tara-rafting-1-420x347.jpg\" class=\"attachment-tourm_420X347 size-tourm_420X347 wp-post-image\" alt=\"\" \/><\/div><div class=\"box-content\"><div class=\"blog-meta\"><a href=\"https:\/\/kajakcrnagora.me\/index.php\/2025\/05\/25\/\">maj 25, 2025<\/a><a href=\"https:\/\/kajakcrnagora.me\/index.php\/2025\/05\/25\/turisticko-rekreativnim-manifestacijama-na-vodi\/\">1 min \u010ditanja<\/a><\/div><h3 class=\"box-title\"><a href=\"https:\/\/kajakcrnagora.me\/index.php\/2025\/05\/25\/turisticko-rekreativnim-manifestacijama-na-vodi\/\">Turisti\u010dko-rekreativnim manifestacijama na vodi<\/a><\/h3><p class=\"mb-30\">Pored takmi\u010darskog sporta, Kajaka\u0161ki savez Crne Gore aktivno u\u010destvuje i u turisti\u010dko-rekreativnim manifestacijama na<\/p><a href=\"https:\/\/kajakcrnagora.me\/index.php\/2025\/05\/25\/turisticko-rekreativnim-manifestacijama-na-vodi\/\" class=\"th-btn style4 th-icon\">Pro\u010ditaj vi\u0161e<\/a><\/div><\/div><\/div><div class=\"col-12 \"><div class=\"blog-grid4 th-ani style5 mt-24\"><div class=\"blog-img global-img\"><img decoding=\"async\" width=\"420\" height=\"347\" src=\"https:\/\/kajakcrnagora.me\/wp-content\/uploads\/2025\/05\/R-5-420x347.jpeg\" class=\"attachment-tourm_420X347 size-tourm_420X347 wp-post-image\" alt=\"\" \/><\/div><div class=\"box-content\"><div class=\"blog-meta\"><a href=\"https:\/\/kajakcrnagora.me\/index.php\/2025\/05\/25\/\">maj 25, 2025<\/a><a href=\"https:\/\/kajakcrnagora.me\/index.php\/2025\/05\/25\/evropsko-prvenstvo-u-kajaku-i-kanuu\/\">1 min \u010ditanja<\/a><\/div><h3 class=\"box-title\"><a href=\"https:\/\/kajakcrnagora.me\/index.php\/2025\/05\/25\/evropsko-prvenstvo-u-kajaku-i-kanuu\/\">Evropsko prvenstvo u kajaku i kanuu<\/a><\/h3><p class=\"mb-30\">Evropsko prvenstvo u kajaku i kanuu na mirnim vodama odr\u017eava se u ogranizaciji Evropske<\/p><a href=\"https:\/\/kajakcrnagora.me\/index.php\/2025\/05\/25\/evropsko-prvenstvo-u-kajaku-i-kanuu\/\" class=\"th-btn style4 th-icon\">Pro\u010ditaj vi\u0161e<\/a><\/div><\/div><\/div><div class=\"col-12 \"><div class=\"blog-grid4 th-ani style5 mt-24\"><div class=\"blog-img global-img\"><img loading=\"lazy\" decoding=\"async\" width=\"420\" height=\"347\" src=\"https:\/\/kajakcrnagora.me\/wp-content\/uploads\/2025\/05\/kjj-420x347.webp\" class=\"attachment-tourm_420X347 size-tourm_420X347 wp-post-image\" alt=\"\" \/><\/div><div class=\"box-content\"><div class=\"blog-meta\"><a href=\"https:\/\/kajakcrnagora.me\/index.php\/2025\/05\/25\/\">maj 25, 2025<\/a><a href=\"https:\/\/kajakcrnagora.me\/index.php\/2025\/05\/25\/svetsko-prvenstvo-u-kajaku-i-kanuu\/\">1 min \u010ditanja<\/a><\/div><h3 class=\"box-title\"><a href=\"https:\/\/kajakcrnagora.me\/index.php\/2025\/05\/25\/svetsko-prvenstvo-u-kajaku-i-kanuu\/\">Svetsko prvenstvo u kajaku i kanuu<\/a><\/h3><p class=\"mb-30\">&nbsp; Svetsko prvenstvo u kajaku i kanuu na mirnim vodama odr\u017eava se u organizaciji<\/p><a href=\"https:\/\/kajakcrnagora.me\/index.php\/2025\/05\/25\/svetsko-prvenstvo-u-kajaku-i-kanuu\/\" class=\"th-btn style4 th-icon\">Pro\u010ditaj vi\u0161e<\/a><\/div><\/div><\/div><\/div>\t\t\t\t<\/div>\n\t\t\t\t<\/div>\n\t\t\t\t<\/div>\n\t\t\t\t\t<\/div>\n\t\t\t\t<\/div>\n\t\t\t\t<\/div>\n\t\t","protected":false},"excerpt":{"rendered":"<p>maj 25, 20251 min \u010ditanja Turisti\u010dko-rekreativnim manifestacijama na vodi Pored takmi\u010darskog sporta, Kajaka\u0161ki savez Crne Gore aktivno u\u010destvuje i u turisti\u010dko-rekreativnim manifestacijama na Pro\u010ditaj vi\u0161emaj 25, 20251 min \u010ditanja Evropsko prvenstvo u kajaku i kanuu Evropsko prvenstvo u kajaku i kanuu na mirnim vodama odr\u017eava se u ogranizaciji Evropske Pro\u010ditaj vi\u0161emaj 25, 20251 min \u010ditanja&#8230;<\/p>\n","protected":false},"author":1,"featured_media":0,"parent":0,"menu_order":0,"comment_status":"closed","ping_status":"closed","template":"","meta":{"_monsterinsights_skip_tracking":false,"_monsterinsights_sitenote_active":false,"_monsterinsights_sitenote_note":"","_monsterinsights_sitenote_category":0,"_uf_show_specific_survey":0,"_uf_disable_surveys":false,"footnotes":""},"class_list":["post-6295","page","type-page","status-publish","hentry","th-blog blog-single has-post-thumbnail"],"_links":{"self":[{"href":"https:\/\/kajakcrnagora.me\/index.php\/wp-json\/wp\/v2\/pages\/6295","targetHints":{"allow":["GET"]}}],"collection":[{"href":"https:\/\/kajakcrnagora.me\/index.php\/wp-json\/wp\/v2\/pages"}],"about":[{"href":"https:\/\/kajakcrnagora.me\/index.php\/wp-json\/wp\/v2\/types\/page"}],"author":[{"embeddable":true,"href":"https:\/\/kajakcrnagora.me\/index.php\/wp-json\/wp\/v2\/users\/1"}],"replies":[{"embeddable":true,"href":"https:\/\/kajakcrnagora.me\/index.php\/wp-json\/wp\/v2\/comments?post=6295"}],"version-history":[{"count":11,"href":"https:\/\/kajakcrnagora.me\/index.php\/wp-json\/wp\/v2\/pages\/6295\/revisions"}],"predecessor-version":[{"id":6317,"href":"https:\/\/kajakcrnagora.me\/index.php\/wp-json\/wp\/v2\/pages\/6295\/revisions\/6317"}],"wp:attachment":[{"href":"https:\/\/kajakcrnagora.me\/index.php\/wp-json\/wp\/v2\/media?parent=6295"}],"curies":[{"name":"wp","href":"https:\/\/api.w.org\/{rel}","templated":true}]}}