{"id":4255,"date":"2025-01-05T13:18:25","date_gmt":"2025-01-05T13:18:25","guid":{"rendered":"https:\/\/wordpress.themeholy.com\/tourm\/?page_id=4255"},"modified":"2025-10-09T17:31:57","modified_gmt":"2025-10-09T15:31:57","slug":"home-travel-agency","status":"publish","type":"page","link":"https:\/\/kajakcrnagora.me\/","title":{"rendered":"Naslovna"},"content":{"rendered":"\t\t<div data-elementor-type=\"wp-page\" data-elementor-id=\"4255\" class=\"elementor elementor-4255\">\n\t\t\t\t<div class=\"elementor-element elementor-element-4821078 e-con-full e-flex e-con e-parent\" data-id=\"4821078\" data-element_type=\"container\" data-e-type=\"container\">\n\t\t\r\n\t\t<div class=\"elementor-element elementor-element-0a95a14 elementor-widget elementor-widget-tourmbannerv2\" data-id=\"0a95a14\" data-element_type=\"widget\" data-e-type=\"widget\" data-widget_type=\"tourmbannerv2.default\">\n\t\t\t\t<div class=\"elementor-widget-container\">\n\t\t\t\t\t<div class=\"hero-12\" id=\"hero\"><div class=\"swiper th-slider overflow-hidden\" id=\"heroSlide12\" data-slider-options='{\"effect\":\"fade\",\"autoHeight\":true}'><div class=\"swiper-wrapper\"><div class=\"swiper-slide\"><div class=\"hero-inner\"><div class=\"th-hero-bg\" data-bg-src=\"https:\/\/kajakcrnagora.me\/wp-content\/uploads\/2025\/01\/hero_2_1.jpg\"><\/div><div class=\"container\"><div class=\"hero-style12\"><h1 class=\"hero-title text-white h_title\" data-ani=\"slideinup\" data-ani-delay=\"0.4s\">Kajak Crna Gora<\/h1><p class=\"hero-desc desc\" data-ani=\"slideinup\" data-ani-delay=\"0.5s\">Kajaka\u0161ki savez Crne Gore po prvi put kre\u0107e sa radom 2025 godine i kao tek pokrenuta organizacija broji ve\u0107 5 klubova<\/p><div class=\"btn-group\" data-ani=\"slideinup\" data-ani-delay=\"0.6s\"><a href=\"#\" class=\"th-btn style1 th-icon\">Op\u0161irnije<\/a><\/div><\/div><\/div><\/div><\/div><\/div><\/div><button data-slider-prev=\"#heroSlide12\" class=\"slider-arrow slider-prev\"><img decoding=\"async\" src=\"https:\/\/kajakcrnagora.me\/wp-content\/plugins\/tourm-core\/assets\/img\/icon\/right-arrow2.svg\" alt=\"\"><\/button><button data-slider-next=\"#heroSlide12\" class=\"slider-arrow slider-next\"><img decoding=\"async\" src=\"https:\/\/kajakcrnagora.me\/wp-content\/plugins\/tourm-core\/assets\/img\/icon\/left-arrow2.svg\" alt=\"\"><\/button><\/div>\t\t\t\t<\/div>\n\t\t\t\t<\/div>\n\t\t\t\t<\/div>\n\t\t<div class=\"elementor-element elementor-element-bbcfbaf e-con-full e-flex e-con e-parent\" data-id=\"bbcfbaf\" data-element_type=\"container\" data-e-type=\"container\">\n\t\t\t\t<div class=\"elementor-element elementor-element-5707512 elementor-widget elementor-widget-tourmsectiontitle\" data-id=\"5707512\" data-element_type=\"widget\" data-e-type=\"widget\" data-widget_type=\"tourmsectiontitle.default\">\n\t\t\t\t<div class=\"elementor-widget-container\">\n\t\t\t\t\t\t\t<div class=\"title-area text-center \">\r\n\t\t\t<span class=\"sub-title \">Dobro do\u0161li na sajt<\/span><h2 class=\"sec-title \">Kajaka\u0161ki Klub Crna Gora<\/h2>\t\t<\/div>\r\n\r\n\t\t\t\t\t<\/div>\n\t\t\t\t<\/div>\n\t\t\t\t<div class=\"elementor-element elementor-element-604825c elementor-widget elementor-widget-tourmvideo\" data-id=\"604825c\" data-element_type=\"widget\" data-e-type=\"widget\" data-widget_type=\"tourmvideo.default\">\n\t\t\t\t<div class=\"elementor-widget-container\">\n\t\t\t\t\t<div class=\"video-area2 overflow-hidden\" data-bg-src=\"https:\/\/kajakcrnagora.me\/wp-content\/uploads\/2025\/05\/video.jpg\"><div class=\"container th-container\"><div class=\"video-box2\"><div class=\"video-shape\"><div class=\"discount-wrapp\"><a href=\"https:\/\/www.youtube.com\/watch?v=RggTE-lE-PE\" class=\"play-btn popup-video\"><i class=\"fa-solid fa-play\"><\/i><\/a><div class=\"discount-tag\"><span class=\"discount-anime\">Kajaka\u0161ki klub - Crna Gora <\/span><\/div><\/div><\/div><\/div><\/div><\/div>\t\t\t\t<\/div>\n\t\t\t\t<\/div>\n\t\t\t\t<\/div>\n\t\t<div class=\"elementor-element elementor-element-8a23a42 e-con-full e-flex e-con e-parent\" data-id=\"8a23a42\" data-element_type=\"container\" data-e-type=\"container\">\n\t\t\t\t<div class=\"elementor-element elementor-element-268639b elementor-widget elementor-widget-tourmcounterup\" data-id=\"268639b\" data-element_type=\"widget\" data-e-type=\"widget\" data-widget_type=\"tourmcounterup.default\">\n\t\t\t\t<div class=\"elementor-widget-container\">\n\t\t\t\t\t<div class=\"\"><div class=\"container\"><div class=\"counter-sec7\"><div class=\"row gy-5 align-items-center justify-content-center\"><div class=\"col-md-6 col-xl-3\"><div class=\"counter-item\"><div class=\"counter-shape\"><\/div><div class=\"media-body\"><h3 class=\"box-number num\"><span class=\"counter-number\">5<\/span><\/h3><h6 class=\"counter-title desc\">Klubova<\/h6><\/div><\/div><\/div><div class=\"col-md-6 col-xl-3\"><div class=\"counter-item\"><div class=\"counter-shape\"><\/div><div class=\"media-body\"><h3 class=\"box-number num\"><span class=\"counter-number\">32<\/span><\/h3><h6 class=\"counter-title desc\">\u010clanova<\/h6><\/div><\/div><\/div><div class=\"col-md-6 col-xl-3\"><div class=\"counter-item\"><div class=\"counter-shape\"><\/div><div class=\"media-body\"><h3 class=\"box-number num\"><span class=\"counter-number\">500<\/span>+<\/h3><h6 class=\"counter-title desc\">Pratilaca<\/h6><\/div><\/div><\/div><\/div><\/div><\/div><\/div>\t\t\t\t<\/div>\n\t\t\t\t<\/div>\n\t\t\t\t<\/div>\n\t\t<div class=\"elementor-element elementor-element-57152b4 e-con-full e-flex e-con e-parent\" data-id=\"57152b4\" data-element_type=\"container\" data-e-type=\"container\" data-settings=\"{&quot;background_background&quot;:&quot;classic&quot;}\">\n\t\t<div class=\"elementor-element elementor-element-b603361 e-flex e-con-boxed e-con e-child\" data-id=\"b603361\" data-element_type=\"container\" data-e-type=\"container\">\n\t\t\t\t\t<div class=\"e-con-inner\">\n\t\t<div class=\"elementor-element elementor-element-016569c e-con-full e-flex e-con e-child\" data-id=\"016569c\" data-element_type=\"container\" data-e-type=\"container\">\n\t\t\t\t<div class=\"elementor-element elementor-element-79628b9 elementor-widget elementor-widget-tourmsectiontitle\" data-id=\"79628b9\" data-element_type=\"widget\" data-e-type=\"widget\" data-widget_type=\"tourmsectiontitle.default\">\n\t\t\t\t<div class=\"elementor-widget-container\">\n\t\t\t\t\t\t\t<div class=\"title-area text-left \">\r\n\t\t\t<span class=\"sub-title \">Novosti <\/span><h2 class=\"sec-title \">Najnovije informacije<\/h2>\t\t<\/div>\r\n\r\n\t\t\t\t\t<\/div>\n\t\t\t\t<\/div>\n\t\t\t\t<\/div>\n\t\t<div class=\"elementor-element elementor-element-299914a e-con-full e-flex e-con e-child\" data-id=\"299914a\" data-element_type=\"container\" data-e-type=\"container\">\n\t\t\t\t<div class=\"elementor-element elementor-element-24b382e elementor-widget elementor-widget-tourmbutton\" data-id=\"24b382e\" data-element_type=\"widget\" data-e-type=\"widget\" data-widget_type=\"tourmbutton.default\">\n\t\t\t\t<div class=\"elementor-widget-container\">\n\t\t\t\t\t<div class=\"btn-wrapper\"><a class=\"th-btn th_btn th-icon style4\" href=\"https:\/\/kajakcrnagora.me\/index.php\/blog\/\">Sve novosti<\/a><\/div>\t\t\t\t<\/div>\n\t\t\t\t<\/div>\n\t\t\t\t<\/div>\n\t\t\t\t\t<\/div>\n\t\t\t\t<\/div>\n\t\t<div class=\"elementor-element elementor-element-1057aa3 e-flex e-con-boxed e-con e-child\" data-id=\"1057aa3\" data-element_type=\"container\" data-e-type=\"container\">\n\t\t\t\t\t<div class=\"e-con-inner\">\n\t\t\t\t<div class=\"elementor-element elementor-element-ef3921b elementor-widget elementor-widget-tourmblog\" data-id=\"ef3921b\" data-element_type=\"widget\" data-e-type=\"widget\" data-widget_type=\"tourmblog.default\">\n\t\t\t\t<div class=\"elementor-widget-container\">\n\t\t\t\t\t<div class=\"slider-area\"><div class=\"swiper th-slider has-shadow\" id=\"blogSlider1\" data-slider-options='{\"breakpoints\":{\"0\":{\"slidesPerView\":1},\"576\":{\"slidesPerView\":\"1\"},\"768\":{\"slidesPerView\":\"2\"},\"992\":{\"slidesPerView\":\"2\"},\"1200\":{\"slidesPerView\":\"3\"}}}'><div class=\"swiper-wrapper\"><div class=\"swiper-slide\"><div class=\"blog-box th-ani\"><div class=\"blog-img global-img\"><img fetchpriority=\"high\" decoding=\"async\" width=\"420\" height=\"347\" src=\"https:\/\/kajakcrnagora.me\/wp-content\/uploads\/2026\/03\/viber_slika_2026-03-21_14-33-07-272-420x347.jpg\" class=\"attachment-tourm_420X347 size-tourm_420X347 wp-post-image\" alt=\"\" \/><\/div><div class=\"blog-box_content\"><div class=\"blog-meta\"><a class=\"author\" href=\"https:\/\/kajakcrnagora.me\/index.php\/2026\/03\/21\/kajakaski-savez-crne-gore-dobio-sredstva-od-vlade-cg\/\">mar 21, 2026<\/a><a href=\"blog.html\">1 min \u010ditanja<\/a><\/div><h3 class=\"box-title\"><a href=\"https:\/\/kajakcrnagora.me\/index.php\/2026\/03\/21\/kajakaski-savez-crne-gore-dobio-sredstva-od-vlade-cg\/\">Kajaka\u0161ki savez Crne Gore dobio sredstva od Vlade CG<\/a><\/h3><a href=\"https:\/\/kajakcrnagora.me\/index.php\/2026\/03\/21\/kajakaski-savez-crne-gore-dobio-sredstva-od-vlade-cg\/\" class=\"th-btn style4 th-icon\">Op\u0161irnije<\/a><\/div><\/div><\/div><div class=\"swiper-slide\"><div class=\"blog-box th-ani\"><div class=\"blog-img global-img\"><img decoding=\"async\" width=\"420\" height=\"347\" src=\"https:\/\/kajakcrnagora.me\/wp-content\/uploads\/2025\/05\/tara-rafting-1-420x347.jpg\" class=\"attachment-tourm_420X347 size-tourm_420X347 wp-post-image\" alt=\"\" \/><\/div><div class=\"blog-box_content\"><div class=\"blog-meta\"><a class=\"author\" href=\"https:\/\/kajakcrnagora.me\/index.php\/2025\/05\/25\/turisticko-rekreativnim-manifestacijama-na-vodi\/\">maj 25, 2025<\/a><a href=\"blog.html\">1 min \u010ditanja<\/a><\/div><h3 class=\"box-title\"><a href=\"https:\/\/kajakcrnagora.me\/index.php\/2025\/05\/25\/turisticko-rekreativnim-manifestacijama-na-vodi\/\">Turisti\u010dko-rekreativnim manifestacijama na vodi<\/a><\/h3><a href=\"https:\/\/kajakcrnagora.me\/index.php\/2025\/05\/25\/turisticko-rekreativnim-manifestacijama-na-vodi\/\" class=\"th-btn style4 th-icon\">Op\u0161irnije<\/a><\/div><\/div><\/div><div class=\"swiper-slide\"><div class=\"blog-box th-ani\"><div class=\"blog-img global-img\"><img decoding=\"async\" width=\"420\" height=\"347\" src=\"https:\/\/kajakcrnagora.me\/wp-content\/uploads\/2025\/05\/R-5-420x347.jpeg\" class=\"attachment-tourm_420X347 size-tourm_420X347 wp-post-image\" alt=\"\" \/><\/div><div class=\"blog-box_content\"><div class=\"blog-meta\"><a class=\"author\" href=\"https:\/\/kajakcrnagora.me\/index.php\/2025\/05\/25\/evropsko-prvenstvo-u-kajaku-i-kanuu\/\">maj 25, 2025<\/a><a href=\"blog.html\">1 min \u010ditanja<\/a><\/div><h3 class=\"box-title\"><a href=\"https:\/\/kajakcrnagora.me\/index.php\/2025\/05\/25\/evropsko-prvenstvo-u-kajaku-i-kanuu\/\">Evropsko prvenstvo u kajaku i kanuu<\/a><\/h3><a href=\"https:\/\/kajakcrnagora.me\/index.php\/2025\/05\/25\/evropsko-prvenstvo-u-kajaku-i-kanuu\/\" class=\"th-btn style4 th-icon\">Op\u0161irnije<\/a><\/div><\/div><\/div><div class=\"swiper-slide\"><div class=\"blog-box th-ani\"><div class=\"blog-img global-img\"><img loading=\"lazy\" decoding=\"async\" width=\"420\" height=\"347\" src=\"https:\/\/kajakcrnagora.me\/wp-content\/uploads\/2025\/05\/kjj-420x347.webp\" class=\"attachment-tourm_420X347 size-tourm_420X347 wp-post-image\" alt=\"\" \/><\/div><div class=\"blog-box_content\"><div class=\"blog-meta\"><a class=\"author\" href=\"https:\/\/kajakcrnagora.me\/index.php\/2025\/05\/25\/svetsko-prvenstvo-u-kajaku-i-kanuu\/\">maj 25, 2025<\/a><a href=\"blog.html\">1 min \u010ditanja<\/a><\/div><h3 class=\"box-title\"><a href=\"https:\/\/kajakcrnagora.me\/index.php\/2025\/05\/25\/svetsko-prvenstvo-u-kajaku-i-kanuu\/\">Svetsko prvenstvo u kajaku i kanuu<\/a><\/h3><a href=\"https:\/\/kajakcrnagora.me\/index.php\/2025\/05\/25\/svetsko-prvenstvo-u-kajaku-i-kanuu\/\" class=\"th-btn style4 th-icon\">Op\u0161irnije<\/a><\/div><\/div><\/div><\/div><\/div><\/div>\t\t\t\t<\/div>\n\t\t\t\t<\/div>\n\t\t\t\t\t<\/div>\n\t\t\t\t<\/div>\n\t\t\t\t<\/div>\n\t\t<div class=\"elementor-element elementor-element-c7e668e e-con-full e-flex e-con e-parent\" data-id=\"c7e668e\" data-element_type=\"container\" data-e-type=\"container\" data-settings=\"{&quot;background_background&quot;:&quot;classic&quot;}\">\n\t\t<div class=\"elementor-element elementor-element-b44c4d4 e-flex e-con-boxed e-con e-child\" data-id=\"b44c4d4\" data-element_type=\"container\" data-e-type=\"container\">\n\t\t\t\t\t<div class=\"e-con-inner\">\n\t\t\t\t<div class=\"elementor-element elementor-element-4101cec elementor-widget elementor-widget-tourmsectiontitle\" data-id=\"4101cec\" data-element_type=\"widget\" data-e-type=\"widget\" data-widget_type=\"tourmsectiontitle.default\">\n\t\t\t\t<div class=\"elementor-widget-container\">\n\t\t\t\t\t\t\t<div class=\"title-area text-center \">\r\n\t\t\t<span class=\"sub-title \">Galerija<\/span><h2 class=\"sec-title \">Kajak CG<\/h2>\t\t<\/div>\r\n\r\n\t\t\t\t\t<\/div>\n\t\t\t\t<\/div>\n\t\t\t\t<div class=\"elementor-element elementor-element-183674e elementor-widget elementor-widget-tourmsliderimage\" data-id=\"183674e\" data-element_type=\"widget\" data-e-type=\"widget\" data-widget_type=\"tourmsliderimage.default\">\n\t\t\t\t<div class=\"elementor-widget-container\">\n\t\t\t\t\t<div class=\"slider-area slider-drag-wrap\"><div class=\"swiper th-slider destination-slider2 \" id=\"destiSlider1\" data-slider-options='{\"breakpoints\":{\"0\":{\"slidesPerView\":1},\"576\":{\"slidesPerView\":\"2\"},\"992\":{\"slidesPerView\":\"3\"},\"1200\":{\"slidesPerView\":\"3\"}},\"effect\":\"coverflow\",\"coverflowEffect\":{\"rotate\":\"-17\",\"stretch\":\"-8\",\"depth\":\"330\",\"modifier\":\"1\",\"slideShadows\":\"false\"},\"centeredSlides\":\"true\"}'><div class=\"swiper-wrapper\"><div class=\"swiper-slide\"><div class=\"destination-box2\"><div class=\"destination-img\"><img decoding=\"async\" src=\"https:\/\/kajakcrnagora.me\/wp-content\/uploads\/2025\/05\/viber_slika_2025-05-12_16-13-15-266.jpg\" alt=\"viber_slika_2025 05 12_16 13 15 266\"  \/><a href=\"https:\/\/kajakcrnagora.me\/wp-content\/uploads\/2025\/05\/viber_slika_2025-05-12_16-13-15-266.jpg\" class=\"popup-image\"><div class=\"icon-btn\"><i class=\"fal fa-magnifying-glass-plus\"><\/i><\/div><\/a><\/div><\/div><\/div><div class=\"swiper-slide\"><div class=\"destination-box2\"><div class=\"destination-img\"><img decoding=\"async\" src=\"https:\/\/kajakcrnagora.me\/wp-content\/uploads\/2025\/05\/viber_slika_2025-05-12_16-13-16-243.jpg\" alt=\"viber_slika_2025 05 12_16 13 16 243\"  \/><a href=\"https:\/\/kajakcrnagora.me\/wp-content\/uploads\/2025\/05\/viber_slika_2025-05-12_16-13-16-243.jpg\" class=\"popup-image\"><div class=\"icon-btn\"><i class=\"fal fa-magnifying-glass-plus\"><\/i><\/div><\/a><\/div><\/div><\/div><div class=\"swiper-slide\"><div class=\"destination-box2\"><div class=\"destination-img\"><img decoding=\"async\" src=\"https:\/\/kajakcrnagora.me\/wp-content\/uploads\/2025\/05\/viber_slika_2025-05-12_16-13-15-934.jpg\" alt=\"viber_slika_2025 05 12_16 13 15 934\"  \/><a href=\"https:\/\/kajakcrnagora.me\/wp-content\/uploads\/2025\/05\/viber_slika_2025-05-12_16-13-15-934.jpg\" class=\"popup-image\"><div class=\"icon-btn\"><i class=\"fal fa-magnifying-glass-plus\"><\/i><\/div><\/a><\/div><\/div><\/div><div class=\"swiper-slide\"><div class=\"destination-box2\"><div class=\"destination-img\"><img decoding=\"async\" src=\"https:\/\/kajakcrnagora.me\/wp-content\/uploads\/2025\/05\/viber_slika_2025-05-12_16-13-15-934.jpg\" alt=\"viber_slika_2025 05 12_16 13 15 934\"  \/><a href=\"https:\/\/kajakcrnagora.me\/wp-content\/uploads\/2025\/05\/viber_slika_2025-05-12_16-13-15-934.jpg\" class=\"popup-image\"><div class=\"icon-btn\"><i class=\"fal fa-magnifying-glass-plus\"><\/i><\/div><\/a><\/div><\/div><\/div><div class=\"swiper-slide\"><div class=\"destination-box2\"><div class=\"destination-img\"><img decoding=\"async\" src=\"https:\/\/kajakcrnagora.me\/wp-content\/uploads\/2025\/05\/viber_slika_2025-05-12_16-13-16-243.jpg\" alt=\"viber_slika_2025 05 12_16 13 16 243\"  \/><a href=\"https:\/\/kajakcrnagora.me\/wp-content\/uploads\/2025\/05\/viber_slika_2025-05-12_16-13-16-243.jpg\" class=\"popup-image\"><div class=\"icon-btn\"><i class=\"fal fa-magnifying-glass-plus\"><\/i><\/div><\/a><\/div><\/div><\/div><\/div><\/div><div class=\"icon-box mt-60 text-center\"><button data-slider-prev=\"#destiSlider1\" class=\"slider-arrow style5 default\"><img decoding=\"async\" src=\"https:\/\/kajakcrnagora.me\/wp-content\/plugins\/tourm-core\/assets\/img\/icon\/right-arrow2.svg\" alt=\"\"><\/button><button data-slider-next=\"#destiSlider1\" class=\"slider-arrow style5 default\"><img decoding=\"async\" src=\"https:\/\/kajakcrnagora.me\/wp-content\/plugins\/tourm-core\/assets\/img\/icon\/left-arrow2.svg\" alt=\"\"><\/button><\/div><\/div>\t\t\t\t<\/div>\n\t\t\t\t<\/div>\n\t\t\t\t\t<\/div>\n\t\t\t\t<\/div>\n\t\t\t\t<\/div>\n\t\t<div class=\"elementor-element elementor-element-60b623c e-con-full e-flex e-con e-parent\" data-id=\"60b623c\" data-element_type=\"container\" data-e-type=\"container\">\n\t\t\t\t<div class=\"elementor-element elementor-element-46ea63f elementor-widget elementor-widget-tourmfeatures\" data-id=\"46ea63f\" data-element_type=\"widget\" data-e-type=\"widget\" data-widget_type=\"tourmfeatures.default\">\n\t\t\t\t<div class=\"elementor-widget-container\">\n\t\t\t\t\t<div class=\"container th-container\"><div class=\"choose-item_wrapper\"><div class=\"choose-item style3\"><div class=\"box-icon\"><img decoding=\"async\" src=\"https:\/\/kajakcrnagora.me\/wp-content\/uploads\/2025\/05\/hhhhh.png\" alt=\"image\"><\/div><div class=\"media-body\"><h3 class=\"box-title\">Kajaka\u0161ki klub Nik\u0161i\u0107<\/h3><p class=\"box-text desc\">\ud83d\udcde +382 68 767 003<\/p><\/div><\/div><div class=\"choose-item style3\"><div class=\"box-icon\"><img decoding=\"async\" src=\"https:\/\/kajakcrnagora.me\/wp-content\/uploads\/2025\/05\/hhhhh.png\" alt=\"image\"><\/div><div class=\"media-body\"><h3 class=\"box-title\">Kajaka\u0161ki klub Onogost<\/h3><p class=\"box-text desc\">\ud83d\udcde +382 69 182 718<\/p><\/div><\/div><div class=\"choose-item style3\"><div class=\"box-icon\"><img decoding=\"async\" src=\"https:\/\/kajakcrnagora.me\/wp-content\/uploads\/2025\/05\/hhhhh.png\" alt=\"image\"><\/div><div class=\"media-body\"><h3 class=\"box-title\">Kajaka\u0161ki klub Piva<\/h3><p class=\"box-text desc\">\ud83d\udcde +382 68 066 238<\/p><\/div><\/div><div class=\"choose-item style3\"><div class=\"box-icon\"><img decoding=\"async\" src=\"https:\/\/kajakcrnagora.me\/wp-content\/uploads\/2025\/05\/hhhhh.png\" alt=\"image\"><\/div><div class=\"media-body\"><h3 class=\"box-title\">Kajaka\u0161ki klub Ribnica<\/h3><p class=\"box-text desc\">\ud83d\udcde +382 68 536 547<\/p><\/div><\/div><div class=\"choose-item style3\"><div class=\"box-icon\"><img decoding=\"async\" src=\"https:\/\/kajakcrnagora.me\/wp-content\/uploads\/2025\/05\/hhhhh.png\" alt=\"image\"><\/div><div class=\"media-body\"><h3 class=\"box-title\">Kajaka\u0161ki klub Delfin<\/h3><p class=\"box-text desc\">\ud83d\udcde +382 68544304<\/p><\/div><\/div><\/div><\/div>\t\t\t\t<\/div>\n\t\t\t\t<\/div>\n\t\t\t\t<\/div>\n\t\t\t\t<\/div>\n\t\t","protected":false},"excerpt":{"rendered":"<p>Kajak Crna Gora Kajaka\u0161ki savez Crne Gore po prvi put kre\u0107e sa radom 2025 godine i kao tek pokrenuta organizacija broji ve\u0107 5 klubova Op\u0161irnije Dobro do\u0161li na sajt Kajaka\u0161ki Klub Crna Gora Kajaka\u0161ki klub &#8211; Crna Gora 5 Klubova 32 \u010clanova 500+ Pratilaca Novosti Najnovije informacije Sve novosti maj 25, 20251 min \u010ditanja Turisti\u010dko-rekreativnim&#8230;<\/p>\n","protected":false},"author":1,"featured_media":0,"parent":0,"menu_order":0,"comment_status":"closed","ping_status":"closed","template":"template-builder.php","meta":{"_monsterinsights_skip_tracking":false,"_monsterinsights_sitenote_active":false,"_monsterinsights_sitenote_note":"","_monsterinsights_sitenote_category":0,"_uf_show_specific_survey":0,"_uf_disable_surveys":false,"footnotes":""},"class_list":["post-4255","page","type-page","status-publish","hentry","th-blog blog-single has-post-thumbnail"],"_links":{"self":[{"href":"https:\/\/kajakcrnagora.me\/index.php\/wp-json\/wp\/v2\/pages\/4255","targetHints":{"allow":["GET"]}}],"collection":[{"href":"https:\/\/kajakcrnagora.me\/index.php\/wp-json\/wp\/v2\/pages"}],"about":[{"href":"https:\/\/kajakcrnagora.me\/index.php\/wp-json\/wp\/v2\/types\/page"}],"author":[{"embeddable":true,"href":"https:\/\/kajakcrnagora.me\/index.php\/wp-json\/wp\/v2\/users\/1"}],"replies":[{"embeddable":true,"href":"https:\/\/kajakcrnagora.me\/index.php\/wp-json\/wp\/v2\/comments?post=4255"}],"version-history":[{"count":71,"href":"https:\/\/kajakcrnagora.me\/index.php\/wp-json\/wp\/v2\/pages\/4255\/revisions"}],"predecessor-version":[{"id":6712,"href":"https:\/\/kajakcrnagora.me\/index.php\/wp-json\/wp\/v2\/pages\/4255\/revisions\/6712"}],"wp:attachment":[{"href":"https:\/\/kajakcrnagora.me\/index.php\/wp-json\/wp\/v2\/media?parent=4255"}],"curies":[{"name":"wp","href":"https:\/\/api.w.org\/{rel}","templated":true}]}}